{"id":7,"date":"2025-04-03T15:27:03","date_gmt":"2025-04-03T13:27:03","guid":{"rendered":"https:\/\/bppragapd.pl\/bip\/?page_id=7"},"modified":"2025-04-08T11:59:18","modified_gmt":"2025-04-08T09:59:18","slug":"mapa-serwisu","status":"publish","type":"page","link":"https:\/\/bppragapd.pl\/bip\/mapa-serwisu\/","title":{"rendered":"Mapa serwisu"},"content":{"rendered":"\n<p><\/p>\n\n\n\n<h2 class=\"wp-block-heading\">Mapa serwisu<\/h2>\n\n\n\n<p><\/p>\n\n\n\n<p>Menu informacyjne:<\/p>\n\n\n\n<ul class=\"wp-block-list\">\n<li><a href=\"https:\/\/bppragapd.pl\/bip\/mapa-serwisu\/\"><mark style=\"background-color:rgba(0, 0, 0, 0)\" class=\"has-inline-color has-primary-color\">Mapa serwisu<\/mark><\/a><\/li>\n\n\n\n<li><a href=\"https:\/\/bppragapd.pl\/bip\/rejestrator-zmian-tresci\/\"><mark style=\"background-color:rgba(0, 0, 0, 0)\" class=\"has-inline-color has-primary-color\">Rejestrator zmian tre\u015bci<\/mark><\/a><\/li>\n\n\n\n<li><a href=\"https:\/\/bppragapd.pl\/bip\/redakcja-bip\/\"><mark style=\"background-color:rgba(0, 0, 0, 0)\" class=\"has-inline-color has-primary-color\">Redakcja BIP<\/mark><\/a><\/li>\n\n\n\n<li><a href=\"https:\/\/www.dziennikustaw.gov.pl\/DU\"><mark style=\"background-color:rgba(0, 0, 0, 0)\" class=\"has-inline-color has-primary-color\">Dziennik Ustaw<\/mark><\/a><\/li>\n\n\n\n<li><a href=\"https:\/\/www.monitorpolski.gov.pl\/DU\"><mark style=\"background-color:rgba(0, 0, 0, 0)\" class=\"has-inline-color has-primary-color\">Monitor Polski<\/mark><\/a><\/li>\n\n\n\n<li><a href=\"https:\/\/bppragapd.pl\/bip\/deklaracja-dostepnosci\/\"><mark style=\"background-color:rgba(0, 0, 0, 0)\" class=\"has-inline-color has-primary-color\">Deklaracja dost\u0119pno\u015bci <\/mark><\/a><\/li>\n<\/ul>\n\n\n\n<p>Organizacja Biblioteki<\/p>\n\n\n\n<ul class=\"wp-block-list\">\n<li><a href=\"https:\/\/bppragapd.pl\/bip\/statut\/\"><mark style=\"background-color:rgba(0, 0, 0, 0)\" class=\"has-inline-color has-primary-color\">Status<\/mark><\/a><\/li>\n\n\n\n<li class=\"has-contrast-color has-text-color has-link-color wp-elements-ff17f7f91345b4f395aabe8222315f6f\"><a href=\"https:\/\/bppragapd.pl\/bip\/podstawy-prawne\/\"><mark style=\"background-color:rgba(0, 0, 0, 0)\" class=\"has-inline-color has-primary-color\">Podstawy Prawne<\/mark><\/a><\/li>\n\n\n\n<li class=\"has-contrast-color has-text-color has-link-color wp-elements-f5c9a36a26793c3c6e52b5ae08f07533\"><a href=\"https:\/\/bppragapd.pl\/bip\/majatek\/\"><mark style=\"background-color:rgba(0, 0, 0, 0)\" class=\"has-inline-color has-primary-color\">Maj\u0105tek<\/mark><\/a><\/li>\n\n\n\n<li class=\"has-contrast-color has-text-color has-link-color wp-elements-59d8419ce7eef7c5a7e65f79772f4ab2\"><a href=\"https:\/\/bppragapd.pl\/bip\/godziny-pracy\/\"><mark style=\"background-color:rgba(0, 0, 0, 0)\" class=\"has-inline-color has-primary-color\">Godziny Pracy<\/mark><\/a><\/li>\n\n\n\n<li><a href=\"https:\/\/bppragapd.pl\/bip\/zarzadzenia-wewnetrzne-dyrektora-biblioteki-publicznej\/\"><mark style=\"background-color:rgba(0, 0, 0, 0)\" class=\"has-inline-color has-primary-color\">Zarz\u0105dzenia wewn\u0119trzne Dyrektora Biblioteki Publicznej<\/mark><\/a>\n<ul class=\"wp-block-list\">\n<li><a href=\"https:\/\/bppragapd.pl\/bip\/zarzadzenia-z-roku-2025\/\"><mark style=\"background-color:rgba(0, 0, 0, 0)\" class=\"has-inline-color has-primary-color\">Zarz\u0105dzenia z roku 2025<\/mark><\/a><mark style=\"background-color:rgba(0, 0, 0, 0)\" class=\"has-inline-color has-primary-color\"> <\/mark><\/li>\n\n\n\n<li><a href=\"https:\/\/bppragapd.pl\/bip\/zarzadzenia-z-roku-2024\/\"><mark style=\"background-color:rgba(0, 0, 0, 0)\" class=\"has-inline-color has-primary-color\">Zarz\u0105dzenia z roku 2024<\/mark><\/a><\/li>\n\n\n\n<li><a href=\"https:\/\/bppragapd.pl\/bip\/zarzadzenia-z-roku-2023\/\"><mark style=\"background-color:rgba(0, 0, 0, 0)\" class=\"has-inline-color has-primary-color\">Zarz\u0105dzenia z roku 2023<\/mark><\/a><\/li>\n\n\n\n<li><a href=\"https:\/\/bppragapd.pl\/bip\/zarzadzenia-z-roku-2022\/\"><mark style=\"background-color:rgba(0, 0, 0, 0)\" class=\"has-inline-color has-primary-color\">Zarz\u0105dzenia z roku 2022<\/mark><\/a><\/li>\n\n\n\n<li><a href=\"https:\/\/bppragapd.pl\/bip\/zarzadzenia-z-roku-2021\/\"><mark style=\"background-color:rgba(0, 0, 0, 0)\" class=\"has-inline-color has-primary-color\">Zarz\u0105dzenia z roku 2021<\/mark><\/a><\/li>\n\n\n\n<li><a href=\"https:\/\/bppragapd.pl\/bip\/zarzadzenia-z-roku-2020\/\"><mark style=\"background-color:rgba(0, 0, 0, 0)\" class=\"has-inline-color has-primary-color\">Zarz\u0105dzenia z roku 2020<\/mark><\/a><\/li>\n\n\n\n<li><a href=\"https:\/\/bppragapd.pl\/bip\/zarzadzenia-z-roku-2018\/\"><mark style=\"background-color:rgba(0, 0, 0, 0)\" class=\"has-inline-color has-primary-color\">Zarz\u0105dzenia z roku 2018<\/mark><\/a><\/li>\n\n\n\n<li><a href=\"https:\/\/bppragapd.pl\/bip\/zarzadzenia-z-roku-2017\/\"><mark style=\"background-color:rgba(0, 0, 0, 0)\" class=\"has-inline-color has-primary-color\">Zarz\u0105dzenia z roku 2017<\/mark><\/a><\/li>\n\n\n\n<li><a href=\"https:\/\/bppragapd.pl\/bip\/zarzadzenia-z-roku-2016\/\"><mark style=\"background-color:rgba(0, 0, 0, 0)\" class=\"has-inline-color has-primary-color\">Zarz\u0105dzenia z roku 2016<\/mark><\/a><\/li>\n\n\n\n<li><a href=\"https:\/\/bppragapd.pl\/bip\/zarzadzenia-z-roku-2015\/\"><mark style=\"background-color:rgba(0, 0, 0, 0)\" class=\"has-inline-color has-primary-color\">Zarz\u0105dzenia z roku 2015<\/mark><\/a><\/li>\n\n\n\n<li><a href=\"https:\/\/bppragapd.pl\/bip\/zarzadzenia-z-roku-2014\/\"><mark style=\"background-color:rgba(0, 0, 0, 0)\" class=\"has-inline-color has-primary-color\">Zarz\u0105dzenia z roku 2014<\/mark><\/a><\/li>\n\n\n\n<li><a href=\"https:\/\/bppragapd.pl\/bip\/zarzadzenia-z-roku-2013\/\"><mark style=\"background-color:rgba(0, 0, 0, 0)\" class=\"has-inline-color has-primary-color\">Zarz\u0105dzenia z roku 2013<\/mark><\/a><\/li>\n\n\n\n<li><a href=\"https:\/\/bppragapd.pl\/bip\/zarzadzenia-z-roku-2012\/\"><mark style=\"background-color:rgba(0, 0, 0, 0)\" class=\"has-inline-color has-primary-color\">Zarz\u0105dzenia z roku 2012<\/mark><\/a><\/li>\n\n\n\n<li><a href=\"https:\/\/bppragapd.pl\/bip\/zarzadzenia-z-roku-2011\/\"><mark style=\"background-color:rgba(0, 0, 0, 0)\" class=\"has-inline-color has-primary-color\">Zarz\u0105dzenia z roku 2011<\/mark><\/a><\/li>\n\n\n\n<li><a href=\"https:\/\/bppragapd.pl\/bip\/zarzadzenia-z-roku-2010\/\"><mark style=\"background-color:rgba(0, 0, 0, 0)\" class=\"has-inline-color has-primary-color\">Zarz\u0105dzenia z roku 2010<\/mark><\/a><\/li>\n<\/ul>\n<\/li>\n\n\n\n<li><a href=\"https:\/\/bppragapd.pl\/bip\/regulaminy\/\"><mark style=\"background-color:rgba(0, 0, 0, 0)\" class=\"has-inline-color has-primary-color\">Regulaminy<\/mark><\/a><\/li>\n<\/ul>\n\n\n\n<p>Dzia\u0142alno\u015b\u0107 Biblioteki<\/p>\n\n\n\n<ul class=\"wp-block-list\">\n<li><a href=\"https:\/\/bppragapd.pl\/bip\/zadania-biblioteki\/\"><mark style=\"background-color:rgba(0, 0, 0, 0)\" class=\"has-inline-color has-primary-color\">Zadania Biblioteki<\/mark><\/a><\/li>\n\n\n\n<li><a href=\"https:\/\/bppragapd.pl\/bip\/misja-biblioteki\/\"><mark style=\"background-color:rgba(0, 0, 0, 0)\" class=\"has-inline-color has-primary-color\">Misja i wizja Biblioteki<\/mark><\/a><\/li>\n\n\n\n<li><a href=\"https:\/\/bppragapd.pl\/bip\/strategia-biblioteki\/\"><mark style=\"background-color:rgba(0, 0, 0, 0)\" class=\"has-inline-color has-primary-color\">Strategia Biblioteki<\/mark><\/a><\/li>\n\n\n\n<li><a href=\"https:\/\/bppragapd.pl\/bip\/dyzury-podmiotu\/\"><mark style=\"background-color:rgba(0, 0, 0, 0)\" class=\"has-inline-color has-primary-color\">Dy\u017cury Podmiotu<\/mark><\/a><\/li>\n\n\n\n<li><a href=\"https:\/\/bppragapd.pl\/bip\/plany-pracy\/\"><mark style=\"background-color:rgba(0, 0, 0, 0)\" class=\"has-inline-color has-primary-color\">Plany pracy<\/mark><\/a><\/li>\n\n\n\n<li><a href=\"https:\/\/bppragapd.pl\/bip\/budzet\/\"><mark style=\"background-color:rgba(0, 0, 0, 0)\" class=\"has-inline-color has-primary-color\">Bud\u017cet<\/mark><\/a><\/li>\n\n\n\n<li><a href=\"https:\/\/bppragapd.pl\/bip\/sprawozdania\/\"><mark style=\"background-color:rgba(0, 0, 0, 0)\" class=\"has-inline-color has-primary-color\">Sprawozdania<\/mark><\/a><\/li>\n\n\n\n<li><a href=\"https:\/\/bppragapd.pl\/bip\/oswiadczenia-majatkowe\/\"><mark style=\"background-color:rgba(0, 0, 0, 0)\" class=\"has-inline-color has-primary-color\">O\u015bwiadczenia maj\u0105tkowe<\/mark><\/a><\/li>\n\n\n\n<li><a href=\"https:\/\/bppragapd.pl\/bip\/archiwum-zakladowe\/\"><mark style=\"background-color:rgba(0, 0, 0, 0)\" class=\"has-inline-color has-primary-color\">Archiwum zak\u0142adowe<\/mark><\/a><\/li>\n\n\n\n<li><a href=\"https:\/\/bppragapd.pl\/bip\/przetargi-archiwalna\/\"><mark style=\"background-color:rgba(0, 0, 0, 0)\" class=\"has-inline-color has-primary-color\">Przetargi (archiwalna)<\/mark><\/a><\/li>\n\n\n\n<li><a href=\"https:\/\/bppragapd-waw.ezamawiajacy.pl\/pn\/BPPRAGAPD\/demand\/notice\/lowcost\/current\/list?USER_MENU_HOVER=lowcostCurrentNoticePublicList\"><mark style=\"background-color:rgba(0, 0, 0, 0)\" class=\"has-inline-color has-primary-color\">Zam\u00f3wienia publiczne<\/mark><\/a><\/li>\n\n\n\n<li><a href=\"https:\/\/bppragapd.pl\/bip\/kontrole\/\"><mark style=\"background-color:rgba(0, 0, 0, 0)\" class=\"has-inline-color has-primary-color\">Kontrole<\/mark><\/a><\/li>\n<\/ul>\n\n\n\n<p>Informacje<\/p>\n\n\n\n<ul class=\"wp-block-list\">\n<li><a href=\"https:\/\/bppragapd.pl\/bip\/ogloszenia-o-naborze\/\"><mark style=\"background-color:rgba(0, 0, 0, 0)\" class=\"has-inline-color has-primary-color\">Og\u0142oszenia o naborze<\/mark><\/a><\/li>\n\n\n\n<li><a href=\"https:\/\/bppragapd.pl\/bip\/udostepnianie-informacji-publicznej\/\"><mark style=\"background-color:rgba(0, 0, 0, 0)\" class=\"has-inline-color has-primary-color\">Udost\u0119pnianie informacji publicznej<\/mark><\/a><\/li>\n\n\n\n<li><a href=\"https:\/\/bppragapd.pl\/bip\/ochrona-danych-osobowych\/\"><mark style=\"background-color:rgba(0, 0, 0, 0)\" class=\"has-inline-color has-primary-color\">Ochrona Danych Osobowych<\/mark><\/a><\/li>\n\n\n\n<li><a href=\"https:\/\/bppragapd.pl\/bip\/ponowne-wykorzystywanie\/\"><mark style=\"background-color:rgba(0, 0, 0, 0)\" class=\"has-inline-color has-primary-color\">Ponowne wykorzystywanie<\/mark><\/a><\/li>\n\n\n\n<li><a href=\"https:\/\/bppragapd.pl\/bip\/rejestry-ewidencje-archiwa\/\"><mark style=\"background-color:rgba(0, 0, 0, 0)\" class=\"has-inline-color has-primary-color\">Rejestry, ewidencje, archiwa<\/mark><\/a><\/li>\n\n\n\n<li><a href=\"https:\/\/bppragapd.pl\/bip\/ogloszenia\/\"><mark style=\"background-color:rgba(0, 0, 0, 0)\" class=\"has-inline-color has-primary-color\">Og\u0142oszenia<\/mark><\/a><\/li>\n<\/ul>\n\n\n\n<p><\/p>\n","protected":false},"excerpt":{"rendered":"<p>Mapa serwisu Menu informacyjne: Organizacja Biblioteki Dzia\u0142alno\u015b\u0107 Biblioteki Informacje<\/p>\n","protected":false},"author":2,"featured_media":0,"parent":0,"menu_order":0,"comment_status":"closed","ping_status":"closed","template":"","meta":{"_acf_changed":false,"footnotes":""},"class_list":["post-7","page","type-page","status-publish","hentry"],"acf":[],"_links":{"self":[{"href":"https:\/\/bppragapd.pl\/bip\/wp-json\/wp\/v2\/pages\/7","targetHints":{"allow":["GET"]}}],"collection":[{"href":"https:\/\/bppragapd.pl\/bip\/wp-json\/wp\/v2\/pages"}],"about":[{"href":"https:\/\/bppragapd.pl\/bip\/wp-json\/wp\/v2\/types\/page"}],"author":[{"embeddable":true,"href":"https:\/\/bppragapd.pl\/bip\/wp-json\/wp\/v2\/users\/2"}],"replies":[{"embeddable":true,"href":"https:\/\/bppragapd.pl\/bip\/wp-json\/wp\/v2\/comments?post=7"}],"version-history":[{"count":3,"href":"https:\/\/bppragapd.pl\/bip\/wp-json\/wp\/v2\/pages\/7\/revisions"}],"predecessor-version":[{"id":238,"href":"https:\/\/bppragapd.pl\/bip\/wp-json\/wp\/v2\/pages\/7\/revisions\/238"}],"wp:attachment":[{"href":"https:\/\/bppragapd.pl\/bip\/wp-json\/wp\/v2\/media?parent=7"}],"curies":[{"name":"wp","href":"https:\/\/api.w.org\/{rel}","templated":true}]}}