{"id":57,"date":"2025-04-03T15:37:23","date_gmt":"2025-04-03T13:37:23","guid":{"rendered":"https:\/\/bppragapd.pl\/bip\/?page_id=57"},"modified":"2026-03-27T16:31:26","modified_gmt":"2026-03-27T15:31:26","slug":"ochrona-danych-osobowych","status":"publish","type":"page","link":"https:\/\/bppragapd.pl\/bip\/ochrona-danych-osobowych\/","title":{"rendered":"Ochrona Danych Osobowych"},"content":{"rendered":"\n<p><\/p>\n\n\n\n<h1 class=\"wp-block-heading\">Ochrona Danych Osobowych<\/h1>\n\n\n\n<p><\/p>\n\n\n\n<p><strong><mark style=\"background-color:rgba(0, 0, 0, 0)\" class=\"has-inline-color has-primary-color\">Inspektor Ochrony Danych Osobowych:<\/mark><\/strong><br><strong>Jaromir Dylewski<\/strong><br><br><strong>e-mail:&nbsp;<\/strong><a href=\"mailto:iodo@bppragapd.pl\">iodo@bppragapd.pl<\/a><\/p>\n\n\n\n<h4 class=\"wp-block-heading\"><strong>Polityka Bezpiecze\u0144stwa Informacji<\/strong><\/h4>\n\n\n\n<ol class=\"wp-block-list\">\n<li>Instrukcja Zarz\u0105dzania Systemami Informatycznymi s\u0142u\u017c\u0105cymi do przetwarzania danych osobowych w Bibliotece Publicznej im. Zygmunta Jana Rumla w Dzielnicy Praga-Po\u0142udnie m.st. Warszawy \u2013\u00a0<a href=\"https:\/\/bppragapd.pl\/bip\/wp-content\/uploads\/2026\/03\/Zal_1_Instrukcja_Zarzadzania_Systemami_Informatycznymi_akt_2026.pdf\" target=\"_blank\" rel=\"noreferrer noopener\"><mark style=\"background-color:rgba(0, 0, 0, 0)\" class=\"has-inline-color has-primary-color\">pobierz<\/mark><\/a><\/li>\n\n\n\n<li>.\u00a0Za\u0142\u0105cznik nr 13 do Polityki Bezpiecze\u0144stwa Informacji Biblioteki Publicznej im. Zygmunta Jana Rumla w Dzielnicy Praga-Po\u0142udnie m. st. Warszawy &#8211; Ochrona danych w fazie projektowania oraz domy\u015blna ochrona danych\u00a0&#8211;\u00a0<a href=\"https:\/\/bppragapd.pl\/bip\/wp-content\/uploads\/pliki\/zalnr1zarz122023-ochrona-danych-w-fazie-projektowania-oraz-domyslna-ochrona-danych-1732200518.pdf\"><mark style=\"background-color:rgba(0, 0, 0, 0)\" class=\"has-inline-color has-primary-color\">pobierz<\/mark><\/a><\/li>\n\n\n\n<li>\u00a0Za\u0142\u0105cznik nr 14 do Polityki Bezpiecze\u0144stwa Informacji Biblioteki Publicznej im. Zygmunta Jana Rumla w Dzielnicy Praga-Po\u0142udnie m. st. Warszawy &#8211; Wyci\u0105g z Polityki Bezpiecze\u0144stwa Informacji w zakresie danych osobowych\u00a0&#8211;\u00a0<a href=\"https:\/\/bppragapd.pl\/bip\/wp-content\/uploads\/pliki\/zalnr2zarz122023-wyciag-z-polityki-bezpieczenstwa-informacji-w-zakresie-danych-osobowych-1732200551.pdf\"><mark style=\"background-color:rgba(0, 0, 0, 0)\" class=\"has-inline-color has-primary-color\">pobierz<\/mark><\/a><\/li>\n\n\n\n<li>Za\u0142\u0105cznik nr 15 do Polityki Bezpiecze\u0144stwa Informacji Biblioteki Publicznej im. Zygmunta Jana Rumla w Dzielnicy Praga-Po\u0142udnie m. st. Warszawy &#8211; Kwestionariusz pyta\u0144 dla Procesora\u00a0&#8211;\u00a0<a href=\"https:\/\/bppragapd.pl\/bip\/wp-content\/uploads\/pliki\/zalnr3zarz122023-kwestionariusz-pytan-dla-procesora-1732200569.pdf\"><mark style=\"background-color:rgba(0, 0, 0, 0)\" class=\"has-inline-color has-primary-color\">pobierz <\/mark><\/a><\/li>\n<\/ol>\n\n\n\n<p><\/p>\n","protected":false},"excerpt":{"rendered":"<p>Ochrona Danych Osobowych Inspektor Ochrony Danych Osobowych:Jaromir Dylewski e-mail:&nbsp;iodo@bppragapd.pl Polityka Bezpiecze\u0144stwa Informacji<\/p>\n","protected":false},"author":2,"featured_media":0,"parent":0,"menu_order":0,"comment_status":"closed","ping_status":"closed","template":"","meta":{"_acf_changed":false,"footnotes":""},"class_list":["post-57","page","type-page","status-publish","hentry"],"acf":[],"_links":{"self":[{"href":"https:\/\/bppragapd.pl\/bip\/wp-json\/wp\/v2\/pages\/57","targetHints":{"allow":["GET"]}}],"collection":[{"href":"https:\/\/bppragapd.pl\/bip\/wp-json\/wp\/v2\/pages"}],"about":[{"href":"https:\/\/bppragapd.pl\/bip\/wp-json\/wp\/v2\/types\/page"}],"author":[{"embeddable":true,"href":"https:\/\/bppragapd.pl\/bip\/wp-json\/wp\/v2\/users\/2"}],"replies":[{"embeddable":true,"href":"https:\/\/bppragapd.pl\/bip\/wp-json\/wp\/v2\/comments?post=57"}],"version-history":[{"count":5,"href":"https:\/\/bppragapd.pl\/bip\/wp-json\/wp\/v2\/pages\/57\/revisions"}],"predecessor-version":[{"id":559,"href":"https:\/\/bppragapd.pl\/bip\/wp-json\/wp\/v2\/pages\/57\/revisions\/559"}],"wp:attachment":[{"href":"https:\/\/bppragapd.pl\/bip\/wp-json\/wp\/v2\/media?parent=57"}],"curies":[{"name":"wp","href":"https:\/\/api.w.org\/{rel}","templated":true}]}}