{"id":55,"date":"2025-04-03T15:37:03","date_gmt":"2025-04-03T13:37:03","guid":{"rendered":"https:\/\/bppragapd.pl\/bip\/?page_id=55"},"modified":"2025-05-21T14:05:23","modified_gmt":"2025-05-21T12:05:23","slug":"udostepnianie-informacji-publicznej","status":"publish","type":"page","link":"https:\/\/bppragapd.pl\/bip\/udostepnianie-informacji-publicznej\/","title":{"rendered":"Udost\u0119pnianie informacji publicznej"},"content":{"rendered":"\n<p><\/p>\n\n\n\n<h1 class=\"wp-block-heading\">Udost\u0119pnianie informacji publicznej<\/h1>\n\n\n\n<p><\/p>\n\n\n\n<p><mark style=\"background-color:rgba(0, 0, 0, 0)\" class=\"has-inline-color has-primary-color\"><strong>Udost\u0119pnianie informacji<\/strong><\/mark><\/p>\n\n\n\n<p><strong>Biuletyn Informacji Publicznej to urz\u0119dowy publikator teleinformatyczny, sk\u0142adaj\u0105cy si\u0119 z ujednoliconego systemu stron w sieci informatycznej, na kt\u00f3rych zostaje udost\u0119pniona informacja publiczna.<\/strong><\/p>\n\n\n\n<p><strong>Uwarunkowania prawne<\/strong><\/p>\n\n\n\n<p>Uruchomienie Biuletynu Informacji&nbsp;Publicznej jest niezb\u0119dne dla funkcjonowania&nbsp;<strong>ustawy z 6 wrze\u015bnia 2001 r. o dost\u0119pie do informacji publicznej<\/strong>&nbsp;(Dz. U. Nr 112, poz. 1198, z p\u00f3\u017an. zm.) oraz&nbsp;<strong>Rozporz\u0105dzenia MSWiA z 18&nbsp;stycznia 2007 r.&nbsp;w sprawie BIULETYNU INFORMACJI PUBLICZNEJ.<\/strong><\/p>\n\n\n\n<p><strong>Co to jest informacja publiczna?<\/strong><\/p>\n\n\n\n<p>Ustawa, kt\u00f3ra wesz\u0142a w \u017cycie 1 stycznia 2002 r. precyzuje konstytucyjny zapis art. 61 o prawie obywateli do informacji o dzia\u0142aniach w\u0142adz publicznych. Ustawa nakazuje organom w\u0142adzy pa\u0144stwowej (i innym podmiotom) udost\u0119pnia\u0107 ka\u017cd\u0105 informacj\u0119 o sprawach publicznych tj. informacj\u0119 publiczn\u0105 (art.1, ust.1). Wyj\u0105tek stanowi\u0105 informacje niejawne (art.5, ust.1). Dost\u0119p do informacji publicznej przys\u0142uguje ka\u017cdemu. Od osoby, kt\u00f3ra domaga si\u0119 takiej informacji, nie wolno \u017c\u0105da\u0107 wykazania, \u017ce ma ona w tym interes prawny lub faktyczny. Prawo to obejmuje uprawnienia do:<\/p>\n\n\n\n<ul class=\"wp-block-list\">\n<li>uzyskania informacji, w tym informacji przetworzonej, w\u00f3wczas gdy jest to szczeg\u00f3lnie istotne dla interesu publicznego,<\/li>\n\n\n\n<li>wgl\u0105du do dokument\u00f3w urz\u0119dowych,<\/li>\n\n\n\n<li>dost\u0119pu do posiedze\u0144 kolegialnych organ\u00f3w w\u0142adzy publicznej pochodz\u0105cych z powszechnych wybor\u00f3w.<\/li>\n<\/ul>\n\n\n\n<p>Og\u00f3lna zasada udost\u0119pniania ka\u017cdej jawnej informacji o sprawach publicznych jest sprecyzowana w rozdziale 2 ustawy. Wskazano tam wprost jakie informacje podlegaj\u0105 upublicznianiu. S\u0105 to m.in. informacje o:<\/p>\n\n\n\n<ul class=\"wp-block-list\">\n<li>organach w\u0142adzy publicznej &#8211; w tym o ich statusie prawnym, organizacji, kompetencjach, maj\u0105tku, osobach sprawuj\u0105cych w nich funkcje i ich kompetencjach;<\/li>\n\n\n\n<li>zasadach funkcjonowania organ\u00f3w w\u0142adzy publicznej &#8211; w tym o sposobach za\u0142atwiania spraw, stanie przyjmowanych spraw i kolejno\u015bci ich za\u0142atwiania, prowadzonych rejestrach, ewidencjach i archiwach;<\/li>\n\n\n\n<li>polityce w\u0142adz &#8211; w tym o zamierzeniach, projektach akt\u00f3w normatywnych, programach dotycz\u0105cych realizacji zada\u0144 publicznych;<\/li>\n\n\n\n<li>danych publicznych &#8211; w tym dokumenty urz\u0119dowe, stanowiska w sprawach publicznych zaj\u0119te przez funkcjonariuszy publicznych, tre\u015b\u0107 wyst\u0105pie\u0144 i ocen dokonywanych przez organy w\u0142adzy publicznej, informacja o stanie pa\u0144stwa;<\/li>\n\n\n\n<li>maj\u0105tku publicznym.<\/li>\n<\/ul>\n\n\n\n<p>Na mocy ustawy maj\u0105 by\u0107 jawne i dost\u0119pne posiedzenia kolegialnych organ\u00f3w w\u0142adzy pochodz\u0105cych z wybor\u00f3w. Ustawa nakazuje sporz\u0105dza\u0107 i udost\u0119pnia\u0107 stenogramy lub protoko\u0142y z obrad.<\/p>\n\n\n\n<p>Ustawa definiuje ponadto poj\u0119cie dokumentu urz\u0119dowego, kt\u00f3ry podlega upublicznianiu. Dokumentem urz\u0119dowym jest tre\u015b\u0107 o\u015bwiadczenia woli lub wiedzy, utrwalona i podpisana w dowolnej formie przez funkcjonariusza publicznego w rozumieniu przepis\u00f3w Kodeksu karnego, w ramach jego kompetencji, skierowana do innego podmiotu lub z\u0142o\u017cona do akt sprawy (art.6, ust.2).<\/p>\n\n\n\n<p><strong>Publikacja Biuletynu w Internecie<\/strong><\/p>\n\n\n\n<p>Rozporz\u0105dzenie w sprawie BIP okre\u015bla m.in. struktur\u0119, zakres publikowanych informacji i mechanizmy dzia\u0142ania serwis\u00f3w internetowych BIP, utrzymywanych przez podmioty zobowi\u0105zane ustaw\u0105 do udost\u0119pnienia informacji publicznej. Strona g\u0142\u00f3wna Biuletynu znajduje si\u0119 pod adresem&nbsp;<a href=\"https:\/\/www.bip.gov.pl\/\" target=\"_blank\" rel=\"noreferrer noopener\">www.bip.gov.pl<\/a>.<\/p>\n\n\n\n<p>Uruchomienie stron BIP&nbsp;odby\u0142o si\u0119 w kilku etapach. Pierwszy zako\u0144czy\u0142 si\u0119&nbsp;<strong>1 lipca 2003r.<\/strong>&nbsp;Od tego dnia organy w\u0142adzy, jednostki samorz\u0105du terytorialnego, podmioty reprezentuj\u0105ce skarb pa\u0144stwa lub z dominuj\u0105cym znaczeniem skarbu pa\u0144stwa, a tak\u017ce partie polityczne, zwi\u0105zki zawodowe udost\u0119pni\u0105 za po\u015brednictwem BIP przede wszystkim informacje o sobie, tzn. swym statusie i formie prawnej, zadaniach, kompetencjach, organach i osobach sprawuj\u0105cych w nich funkcje, sposobach przyjmowania i za\u0142atwiania spraw itp.<\/p>\n\n\n\n<p>Od&nbsp;<strong>1 stycznia 2004r.<\/strong>&nbsp;w BIP pojawi\u0142y si\u0119 m.in. informacje o stanie przyjmowanych spraw i kolejno\u015bci ich za\u0142atwiania. W ca\u0142o\u015bci BIP&nbsp;zosta\u0142 uruchomiony&nbsp;<strong>1 stycznia 2005r.,<\/strong>&nbsp;a wi\u0119c po trzech latach od wej\u015bcia ustawy w \u017cycie. Znalaz\u0142y si\u0119 w nim w\u00f3wczas m.in. tak\u017ce informacje o maj\u0105tku skarbu pa\u0144stwa, jednostek samorz\u0105du terytorialnego, pa\u0144stwowych os\u00f3b prawnych itp.<\/p>\n\n\n\n<p><strong>Ograniczenia w dost\u0119pie do informacji publicznej<\/strong><\/p>\n\n\n\n<p>Odmowa udzielenia informacji mo\u017ce nast\u0105pi\u0107 jedynie ze wzgl\u0119du na jej niejawno\u015b\u0107 (ochrona danych osobowych, prawo do prywatno\u015bci, tajemnica pa\u0144stwowa, s\u0142u\u017cbowa, skarbowa, statystyczna). Odmowa nast\u0119puje w formie decyzji administracyjnej. Odwo\u0142anie od decyzji rozpoznaje si\u0119 w terminie 14 dni (art. 16, ust.2, pkt 1).<\/p>\n\n\n\n<p>Przepis art. 23 przewiduje grzywn\u0119, kar\u0119 ograniczenia lub pozbawienia wolno\u015bci do roku, dla tego kto, wbrew ci\u0105\u017c\u0105cemu na nim obowi\u0105zkowi, nie udost\u0119pnia informacji publicznej.<\/p>\n","protected":false},"excerpt":{"rendered":"<p>Udost\u0119pnianie informacji publicznej Udost\u0119pnianie informacji Biuletyn Informacji Publicznej to urz\u0119dowy publikator teleinformatyczny, sk\u0142adaj\u0105cy si\u0119 z ujednoliconego systemu stron w sieci informatycznej, na kt\u00f3rych zostaje udost\u0119pniona informacja publiczna. Uwarunkowania prawne Uruchomienie Biuletynu Informacji&nbsp;Publicznej jest niezb\u0119dne dla funkcjonowania&nbsp;ustawy z 6 wrze\u015bnia 2001 r. o dost\u0119pie do informacji publicznej&nbsp;(Dz. U. Nr 112, poz. 1198, z p\u00f3\u017an. zm.) oraz&nbsp;Rozporz\u0105dzenia [&hellip;]<\/p>\n","protected":false},"author":2,"featured_media":0,"parent":0,"menu_order":0,"comment_status":"closed","ping_status":"closed","template":"","meta":{"_acf_changed":false,"footnotes":""},"class_list":["post-55","page","type-page","status-publish","hentry"],"acf":[],"_links":{"self":[{"href":"https:\/\/bppragapd.pl\/bip\/wp-json\/wp\/v2\/pages\/55","targetHints":{"allow":["GET"]}}],"collection":[{"href":"https:\/\/bppragapd.pl\/bip\/wp-json\/wp\/v2\/pages"}],"about":[{"href":"https:\/\/bppragapd.pl\/bip\/wp-json\/wp\/v2\/types\/page"}],"author":[{"embeddable":true,"href":"https:\/\/bppragapd.pl\/bip\/wp-json\/wp\/v2\/users\/2"}],"replies":[{"embeddable":true,"href":"https:\/\/bppragapd.pl\/bip\/wp-json\/wp\/v2\/comments?post=55"}],"version-history":[{"count":3,"href":"https:\/\/bppragapd.pl\/bip\/wp-json\/wp\/v2\/pages\/55\/revisions"}],"predecessor-version":[{"id":267,"href":"https:\/\/bppragapd.pl\/bip\/wp-json\/wp\/v2\/pages\/55\/revisions\/267"}],"wp:attachment":[{"href":"https:\/\/bppragapd.pl\/bip\/wp-json\/wp\/v2\/media?parent=55"}],"curies":[{"name":"wp","href":"https:\/\/api.w.org\/{rel}","templated":true}]}}