{"id":51,"date":"2025-04-03T15:36:09","date_gmt":"2025-04-03T13:36:09","guid":{"rendered":"https:\/\/bppragapd.pl\/bip\/?page_id=51"},"modified":"2026-01-30T10:39:30","modified_gmt":"2026-01-30T09:39:30","slug":"kontrole","status":"publish","type":"page","link":"https:\/\/bppragapd.pl\/bip\/kontrole\/","title":{"rendered":"Kontrole"},"content":{"rendered":"\n<p><\/p>\n\n\n\n<h1 class=\"wp-block-heading\">Kontrole<\/h1>\n\n\n\n<p>Wykaz kontroli zewn\u0119trznych przeprowadzonych w Bibliotece Publicznej im. Zygmunta Jana Rumla w Dzielnicy Praga-Po\u0142udnie m.st. Warszawy w 2025 r.<\/p>\n\n\n\n<figure class=\"wp-block-table\"><table class=\"has-fixed-layout\"><tbody><tr><td class=\"has-text-align-left\" data-align=\"left\">Lp.<\/td><td class=\"has-text-align-center\" data-align=\"center\"><strong>Nazwa podmiotu kontroluj\u0105cego<\/strong><\/td><td><strong>Okres prowadzenia kontroli<\/strong><\/td><td><strong>Zakres tematyczny kontroli<\/strong><\/td><td><strong>Wyniki kontroli<\/strong><\/td><\/tr><tr><td class=\"has-text-align-left\" data-align=\"left\">1.<\/td><td class=\"has-text-align-center\" data-align=\"center\">Pa\u0144stwowa Inspekcja Pracy Okr\u0119gowy Inspektorat Pracy w Warszawie<\/td><td>1,5,8.08.2025<\/td><td>Celem kontroli by\u0142a ocena przestrzegania przepis\u00f3w prawa pracy, w szczeg\u00f3lno\u015bci w zakresie terminowo\u015bci wyp\u0142acania wynagrodzenia za prac\u0119, jak r\u00f3wnie\u017c dzia\u0142alno\u015b\u0107 prewencyjna tj. przeciwdzia\u0142anie naruszeniom przepis\u00f3w prawa pracy lub pope\u0142nieniu wykroczenia.<br><br>Sprawdzono r\u00f3wnie\u017c dokumentacj\u0119 zwi\u0105zan\u0105 z prawn\u0105 ochron\u0105 pracy, bezpiecze\u0144stwem i higien\u0105 pracy.<\/td><td>W czasie kontroli wydano 6 decyzji ustnych.<br>1 nakaz pisemny zawieraj\u0105cy 2 decyzje dotycz\u0105ce oceny ryzyka zawodowego na stanowisku bibliotekarza  oraz 1 wyst\u0105pienie zawieraj\u0105ce 1 wniosek, dotycz\u0105cy aktualizacji oceny ryzyka zawodowego dla wszystkich pracownik\u00f3w.  <br><\/td><\/tr><tr><td class=\"has-text-align-left\" data-align=\"left\">2.<\/td><td class=\"has-text-align-center\" data-align=\"center\">Pa\u0144stwowa Inspekcja Pracy Okr\u0119gowy Inspektorat Pracy w Warszawie<\/td><td>21,24.11.2025<\/td><td>Celem kontroli by\u0142o sprawdzenie przestrzegania prawa pracy w tym BHP oraz sprawdzenie uprzednio wydanych \u015brodk\u00f3w prawnych.<\/td><td>W czasie kontroli sprawdzono realizacj\u0119 uprzednio wydanych decyzji, wyst\u0105pie\u0144 i stwierdzono ich wykonanie.<br>W czasie kontroli udzielono 1 porady z zakresu prawnej ochrony pracy. <\/td><\/tr><\/tbody><\/table><\/figure>\n\n\n\n<p>Wykaz kontroli zewn\u0119trznych przeprowadzonych w Bibliotece Publicznej im. Zygmunta Jana Rumla w Dzielnicy Praga-Po\u0142udnie m.st. Warszawy w 2023 r.<\/p>\n\n\n\n<figure class=\"wp-block-table\"><table class=\"has-fixed-layout\"><tbody><tr><td class=\"has-text-align-center\" data-align=\"center\">Lp.<\/td><td class=\"has-text-align-center\" data-align=\"center\"><strong>Nazwa podmiotu kontroluj\u0105cego<\/strong><\/td><td><strong>Okres prowadzenia kontroli<\/strong><\/td><td><strong>Zakres tematyczny kontroli<\/strong><\/td><td><strong>Wyniki kontroli<\/strong><\/td><\/tr><tr><td class=\"has-text-align-center\" data-align=\"center\" colspan=\"5\">Brak kontroli<\/td><\/tr><\/tbody><\/table><\/figure>\n\n\n\n<p>Wykaz kontroli zewn\u0119trznych przeprowadzonych w Bibliotece Publicznej im. Zygmunta Jana Rumla w Dzielnicy Praga-Po\u0142udnie m.st. Warszawy w 2022 r.<\/p>\n\n\n\n<figure class=\"wp-block-table\"><table class=\"has-fixed-layout\"><tbody><tr><td class=\"has-text-align-center\" data-align=\"center\">Lp.<\/td><td><strong>Nazwa podmiotu kontroluj\u0105cego<\/strong><\/td><td><strong>Okres prowadzenia kontroli<\/strong><\/td><td><strong>Zakres tematyczny kontroli<\/strong><\/td><td><strong>Wyniki kontroli<\/strong><\/td><\/tr><tr><td class=\"has-text-align-center\" data-align=\"center\" colspan=\"5\">Brak kontroli<\/td><\/tr><\/tbody><\/table><\/figure>\n\n\n\n<p>Wykaz kontroli zewn\u0119trznych przeprowadzonych w Bibliotece Publicznej im. Zygmunta Jana Rumla w Dzielnicy Praga-Po\u0142udnie m.st. Warszawy w 2021 r.<\/p>\n\n\n\n<figure class=\"wp-block-table\"><table class=\"has-fixed-layout\"><tbody><tr><td class=\"has-text-align-center\" data-align=\"center\">Lp.<\/td><td><strong>Nazwa podmiotu kontroluj\u0105cego<\/strong><\/td><td><strong>Okres prowadzenia kontroli<\/strong><\/td><td><strong>Zakres tematyczny kontroli<\/strong><\/td><td><strong>Wyniki kontroli<\/strong><\/td><\/tr><tr><td class=\"has-text-align-center\" data-align=\"center\" colspan=\"5\">Brak kontroli<\/td><\/tr><\/tbody><\/table><\/figure>\n\n\n\n<p>Wykaz kontroli zewn\u0119trznych przeprowadzonych w Bibliotece Publicznej im. Zygmunta Jana Rumla w Dzielnicy Praga-Po\u0142udnie m.st. Warszawy w 2020 r.<\/p>\n\n\n\n<figure class=\"wp-block-table\"><table class=\"has-fixed-layout\"><tbody><tr><td class=\"has-text-align-center\" data-align=\"center\">Lp.<\/td><td><strong>Nazwa podmiotu kontroluj\u0105cego<\/strong><\/td><td><strong>Okres prowadzenia kontroli<\/strong><\/td><td><strong>Zakres tematyczny kontroli<\/strong><\/td><td><strong>Wyniki kontroli<\/strong><\/td><\/tr><tr><td class=\"has-text-align-center\" data-align=\"center\" colspan=\"5\">Brak kontroli<\/td><\/tr><\/tbody><\/table><\/figure>\n\n\n\n<p>Wykaz kontroli zewn\u0119trznych przeprowadzonych w Bibliotece Publicznej im. Zygmunta Jana Rumla w Dzielnicy Praga-Po\u0142udnie m.st. Warszawy w 2019 r.<\/p>\n\n\n\n<figure class=\"wp-block-table\"><table class=\"has-fixed-layout\"><tbody><tr><td class=\"has-text-align-center\" data-align=\"center\">Lp.<\/td><td><strong>Nazwa podmiotu kontroluj\u0105cego<\/strong><\/td><td><strong>Okres prowadzenia kontroli<\/strong><\/td><td><strong>Zakres tematyczny kontroli<\/strong><\/td><td><strong>Wyniki kontroli<\/strong><\/td><\/tr><tr><td class=\"has-text-align-center\" data-align=\"center\" colspan=\"5\">Brak kontroli<\/td><\/tr><\/tbody><\/table><\/figure>\n\n\n\n<p>Wykaz kontroli zewn\u0119trznych przeprowadzonych w Bibliotece Publicznej im. Zygmunta Jana Rumla w Dzielnicy Praga-Po\u0142udnie m.st. Warszawy w 2018 r.<\/p>\n\n\n\n<figure class=\"wp-block-table\"><table class=\"has-fixed-layout\"><tbody><tr><td>Lp.<\/td><td><strong>Nazwa podmiotu kontroluj\u0105cego<\/strong><\/td><td><strong>Okres prowadzenia kontroli<\/strong><\/td><td><strong>Zakres tematyczny kontroli<\/strong><\/td><td><strong>Wyniki kontroli<\/strong><\/td><\/tr><tr><td>1.<\/td><td>Biuro Kontroli Urz\u0119du m.st. Warszawy<\/td><td>31.07.2018 &#8211; 21.08.2018<\/td><td>Organizacja dzia\u0142a\u0144 maj\u0105cych na celu podnoszenie efektywno\u015bci energetycznej i racjonalizacji zu\u017cycia energii na obszarze gminy na przyk\u0142adzie zu\u017cycia<br>i koszt\u00f3w energii w jednostkach m.st. Warszawy<\/td><td>Przypadk\u00f3w niegospodarnego korzystania<br>z medi\u00f3w nie stwierdzono. Rozwa\u017cenie mo\u017cliwo\u015bci podj\u0119cia dzia\u0142a\u0144 w celu obni\u017cenia op\u0142at za energi\u0119 elektryczn\u0105.&nbsp;<\/td><\/tr><tr><td>2.<\/td><td>ZUS II Oddzia\u0142<br>w Warszawie Wydzia\u0142 Kontroli P\u0142atnik\u00f3w Sk\u0142adek<\/td><td>19.12.2018 &#8211;<br>08.01.2019<\/td><td>Kontrola planowana. Prawid\u0142owo\u015b\u0107 i rzetelno\u015b\u0107 obliczenia sk\u0142adek na ubezpieczenia spo\u0142eczne oraz innych sk\u0142adek, do kt\u00f3rych pobierania zobowi\u0105zany jest Zak\u0142ad oraz zg\u0142aszanie do ubezpiecze\u0144 spo\u0142ecznych i ubezpieczenia zdrowotnego. Ustalanie uprawnie\u0144 do \u015bwiadcze\u0144 z ubezpiecze\u0144 spo\u0142ecznych i wyp\u0142acanie tych \u015bwiadcze\u0144 oraz dokonywanie rozlicze\u0144 z tego tytu\u0142u. Prawid\u0142owo\u015b\u0107 i terminowo\u015b\u0107 opracowywania wniosk\u00f3w o \u015bwiadczenia emerytalne i rentowe. Wystawianie za\u015bwiadcze\u0144 lub zg\u0142aszanie danych dla cel\u00f3w ubezpiecze\u0144 spo\u0142ecznych.<\/td><td>Nieprawid\u0142owo\u015bci wykazane w wyniku kontroli zosta\u0142y poprawione niezw\u0142ocznie po zako\u0144czeniu kontroli.\u200b<br>&nbsp;<\/td><\/tr><\/tbody><\/table><\/figure>\n\n\n\n<p>Wykaz kontroli zewn\u0119trznych przeprowadzonych w Bibliotece Publicznej im. Zygmunta Jana Rumla w Dzielnicy Praga-Po\u0142udnie m.st. Warszawy w 2017 r.<\/p>\n\n\n\n<figure class=\"wp-block-table\"><table class=\"has-fixed-layout\"><tbody><tr><td class=\"has-text-align-center\" data-align=\"center\">Lp.<\/td><td><strong>Nazwa podmiotu kontroluj\u0105cego<\/strong><\/td><td><strong>Okres prowadzenia kontroli<\/strong><\/td><td><strong>Zakres tematyczny kontroli<\/strong><\/td><td><strong>Wyniki kontroli<\/strong><\/td><\/tr><tr><td class=\"has-text-align-center\" data-align=\"center\" colspan=\"5\">Brak kontroli<\/td><\/tr><\/tbody><\/table><\/figure>\n\n\n\n<p>Wykaz kontroli zewn\u0119trznych przeprowadzonych w Bibliotece Publicznej im. Zygmunta Jana Rumla w Dzielnicy Praga-Po\u0142udnie m.st. Warszawy w 2016 r.<\/p>\n\n\n\n<figure class=\"wp-block-table\"><table class=\"has-fixed-layout\"><tbody><tr><td class=\"has-text-align-center\" data-align=\"center\">Lp.<\/td><td><strong>Nazwa podmiotu kontroluj\u0105cego<\/strong><\/td><td><strong>Okres prowadzenia kontroli<\/strong><\/td><td><strong>Zakres tematyczny kontroli<\/strong><\/td><td><strong>Wyniki kontroli<\/strong><\/td><\/tr><tr><td class=\"has-text-align-center\" data-align=\"center\" colspan=\"5\">Brak kontroli<\/td><\/tr><\/tbody><\/table><\/figure>\n\n\n\n<p>Wykaz kontroli zewn\u0119trznych przeprowadzonych w Bibliotece Publicznej im. Zygmunta Jana Rumla w Dzielnicy Praga-Po\u0142udnie m.st. Warszawy w 2015 r.<\/p>\n\n\n\n<figure class=\"wp-block-table\"><table class=\"has-fixed-layout\"><tbody><tr><td>Lp.<\/td><td><strong>Nazwa podmiotu kontroluj\u0105cego<\/strong><\/td><td><strong>Okres prowadzenia kontroli<\/strong><\/td><td><strong>Zakres tematyczny kontroli<\/strong><\/td><td><strong>Wyniki kontroli<\/strong><\/td><\/tr><tr><td>1.<\/td><td>Pa\u0144stwowa Inspekcja Pracy Okr\u0119gowy Inspektorat Pracy w Warszawie<\/td><td>05.08.2015 &#8211;&nbsp; 26.08.2015<\/td><td>Sprawdzenie przestrzega-nia wybranych przepis\u00f3w prawa pracy i bhp, a w szczeg\u00f3lno\u015bci przepis\u00f3w dotycz\u0105cych dostarczania pracownikom odzie\u017cy&nbsp;&nbsp;<br>\u200bi obuwia roboczego,<br>a tak\u017ce \u015brodk\u00f3w ochrony indywidualnej.<\/td><td>Zawnioskowano o prze-analizowanie zasadno\u015bci uwzgl\u0119dnienia w projekcie zarz\u0105dzenia w sprawie zasad przydzielania<br>i gospodarowania \u015brodkami ochrony indywidualnej oraz odzie\u017c\u0105 i obuwiem roboczym pracownik\u00f3w zatrudnionych na stanowiskach informatyk, bibliotekarz, kustosz, wo\u017any.<\/td><\/tr><tr><td>2.<\/td><td>Firma kominiarska<\/td><td>17.06.2015<\/td><td>Kontrola przewod\u00f3w kominowych.<\/td><td>Kontrola przeprowadzona bez zastrze\u017ce\u0144.<\/td><\/tr><\/tbody><\/table><\/figure>\n\n\n\n<p>Wykaz kontroli zewn\u0119trznych przeprowadzonych w Bibliotece Publicznej im. Zygmunta Jana Rumla w Dzielnicy Praga-Po\u0142udnie m.st. Warszawy w 2014 r.<\/p>\n\n\n\n<figure class=\"wp-block-table\"><table class=\"has-fixed-layout\"><tbody><tr><td>Lp.<\/td><td><strong>Nazwa podmiotu kontroluj\u0105cego<\/strong><\/td><td><strong>Okres prowadzenia kontroli<\/strong><\/td><td><strong>Zakres tematyczny kontroli<\/strong><\/td><td><strong>Wyniki kontroli<\/strong><\/td><\/tr><tr><td>1.<\/td><td>Pa\u0144stwowa Inspekcja Pracy Okr\u0119gowy Inspektorat Pracy w Warszawie<\/td><td>11.07.2014 &#8211; 30.07.2014<\/td><td>Prawna ochrona pracy, bezpiecze\u0144stwo i higiena pracy, dokumentacja zwi\u0105zana z zatrudnieniem, zakresy czynno\u015bci praco-wnik\u00f3w, wsp\u00f3\u0142dzia\u0142anie ze zwi\u0105zkami zawodowymi, polityka antymobbingowa.<\/td><td>Wyst\u0105piono z dziewi\u0119cioma wnioskami do wy-konania w ci\u0105gu 30 dni oraz nakazano wykonanie sze\u015bciu nakaz\u00f3w w terminie do 30.09.2014 r.<\/td><\/tr><\/tbody><\/table><\/figure>\n\n\n\n<p>Wykaz kontroli zewn\u0119trznych przeprowadzonych w Bibliotece Publicznej im. Zygmunta Jana Rumla w Dzielnicy Praga-Po\u0142udnie m.st. Warszawy w 2013 r.<\/p>\n\n\n\n<figure class=\"wp-block-table\"><table class=\"has-fixed-layout\"><tbody><tr><td>Lp.<\/td><td><strong>Nazwa podmiotu kontroluj\u0105cego<\/strong><\/td><td><strong>Okres prowadzenia kontroli<\/strong><\/td><td><strong>Zakres tematyczny kontroli<\/strong><\/td><td><strong>Wyniki kontroli<\/strong><\/td><\/tr><tr><td>1.<\/td><td>ZUS II Oddzia\u0142<br>w Warszawie<\/td><td>14.10.2013 &#8211; 31.10.2013<\/td><td>Kontrola planowana &#8211; prawid\u0142owo\u015b\u0107 i rzetelno\u015b\u0107 naliczania sk\u0142adek na ube-zpieczenia spo\u0142. oraz innych sk\u0142adek, zg\u0142aszanie do ubezpiecze\u0144 spo\u0142ecz-nych i ubezpieczenia zdrowotnego. Ustalanie uprawnie\u0144 do \u015bwiadcze\u0144 z ubezpiecze\u0144 spo\u0142. i wyp\u0142acanie tych \u015bwiadcze\u0144 oraz dokonywanie rozlicze\u0144 z tego tytu\u0142u. Prawid\u0142owo\u015b\u0107 i terminowo\u015b\u0107 opracowywania wniosk\u00f3w o \u015bwiad-czenia emerytalne i rentowe. Wystawianie za\u015bwiadcze\u0144 lub zg\u0142aszanie danych dla cel\u00f3w ubezpie-cze\u0144 spo\u0142ecznych.<\/td><td>Nieprawid\u0142owo\u015bci wykazane w wyniku kontroli zosta\u0142y poprawione w terminie do 13.11.2013 r.\u200b<\/td><\/tr><\/tbody><\/table><\/figure>\n\n\n\n<p><a href=\"https:\/\/bppragapd.pl\/bip\/wp-content\/uploads\/pliki\/wykaz-kontroli-zewnetrznych-1533200324.pdf\" target=\"_blank\" rel=\"noreferrer noopener\"><mark style=\"background-color:rgba(0, 0, 0, 0)\" class=\"has-inline-color has-primary-color\">Wykaz kontroli zewn\u0119trznych przeprowadzonych w Bibliotece Publicznej im. Zygmunta Jana Rumla w Dzielnicy Praga-Po\u0142udnie m.st. Warszawy w latach 2013 &#8211; 2017 .pdf<\/mark><\/a><\/p>\n\n\n\n<p><\/p>\n","protected":false},"excerpt":{"rendered":"<p>Kontrole Wykaz kontroli zewn\u0119trznych przeprowadzonych w Bibliotece Publicznej im. Zygmunta Jana Rumla w Dzielnicy Praga-Po\u0142udnie m.st. Warszawy w 2025 r. Lp. Nazwa podmiotu kontroluj\u0105cego Okres prowadzenia kontroli Zakres tematyczny kontroli Wyniki kontroli 1. Pa\u0144stwowa Inspekcja Pracy Okr\u0119gowy Inspektorat Pracy w Warszawie 1,5,8.08.2025 Celem kontroli by\u0142a ocena przestrzegania przepis\u00f3w prawa pracy, w szczeg\u00f3lno\u015bci w zakresie terminowo\u015bci [&hellip;]<\/p>\n","protected":false},"author":2,"featured_media":0,"parent":0,"menu_order":0,"comment_status":"closed","ping_status":"closed","template":"","meta":{"_acf_changed":false,"footnotes":""},"class_list":["post-51","page","type-page","status-publish","hentry"],"acf":[],"_links":{"self":[{"href":"https:\/\/bppragapd.pl\/bip\/wp-json\/wp\/v2\/pages\/51","targetHints":{"allow":["GET"]}}],"collection":[{"href":"https:\/\/bppragapd.pl\/bip\/wp-json\/wp\/v2\/pages"}],"about":[{"href":"https:\/\/bppragapd.pl\/bip\/wp-json\/wp\/v2\/types\/page"}],"author":[{"embeddable":true,"href":"https:\/\/bppragapd.pl\/bip\/wp-json\/wp\/v2\/users\/2"}],"replies":[{"embeddable":true,"href":"https:\/\/bppragapd.pl\/bip\/wp-json\/wp\/v2\/comments?post=51"}],"version-history":[{"count":3,"href":"https:\/\/bppragapd.pl\/bip\/wp-json\/wp\/v2\/pages\/51\/revisions"}],"predecessor-version":[{"id":523,"href":"https:\/\/bppragapd.pl\/bip\/wp-json\/wp\/v2\/pages\/51\/revisions\/523"}],"wp:attachment":[{"href":"https:\/\/bppragapd.pl\/bip\/wp-json\/wp\/v2\/media?parent=51"}],"curies":[{"name":"wp","href":"https:\/\/api.w.org\/{rel}","templated":true}]}}