{"id":47,"date":"2025-04-03T15:35:20","date_gmt":"2025-04-03T13:35:20","guid":{"rendered":"https:\/\/bppragapd.pl\/bip\/?page_id=47"},"modified":"2026-01-22T10:53:46","modified_gmt":"2026-01-22T09:53:46","slug":"archiwum-zakladowe","status":"publish","type":"page","link":"https:\/\/bppragapd.pl\/bip\/archiwum-zakladowe\/","title":{"rendered":"Archiwum zak\u0142adowe"},"content":{"rendered":"\n<p><\/p>\n\n\n\n<h1 class=\"wp-block-heading\">Archiwum zak\u0142adowe<\/h1>\n\n\n\n<p><\/p>\n\n\n\n<div class=\"wp-block-group has-global-padding is-layout-constrained wp-block-group-is-layout-constrained\">\n<p><strong>Sk\u0142adnica akt<\/strong><\/p>\n\n\n\n<p>Adres: 03-982 Warszawa ul. J. Meissnera 5<br>Kontakt: Dzia\u0142 Organizacyjno-Administracyjny, Patrycja Szmigiera<br>Numer telefonu: 22\u00a0277 61 00<br>Uwagi: Dane podlegaj\u0105ce ochronie na podstawie przepis\u00f3w ustawy z dnia 29 sierpnia 1997 r. o ochronie danych osobowych (t.j. Dz.U. z 2016 r. poz. 922 z p\u00f3\u017an. zm.) s\u0105 udost\u0119pnianie wy\u0142\u0105cznie osobom upowa\u017cnionym, na pisemny wniosek.<\/p>\n\n\n\n<p><\/p>\n<\/div>\n\n\n\n<p><\/p>\n","protected":false},"excerpt":{"rendered":"<p>Archiwum zak\u0142adowe Sk\u0142adnica akt Adres: 03-982 Warszawa ul. J. Meissnera 5Kontakt: Dzia\u0142 Organizacyjno-Administracyjny, Patrycja SzmigieraNumer telefonu: 22\u00a0277 61 00Uwagi: Dane podlegaj\u0105ce ochronie na podstawie przepis\u00f3w ustawy z dnia 29 sierpnia 1997 r. o ochronie danych osobowych (t.j. Dz.U. z 2016 r. poz. 922 z p\u00f3\u017an. zm.) s\u0105 udost\u0119pnianie wy\u0142\u0105cznie osobom upowa\u017cnionym, na pisemny wniosek.<\/p>\n","protected":false},"author":2,"featured_media":0,"parent":0,"menu_order":0,"comment_status":"closed","ping_status":"closed","template":"","meta":{"_acf_changed":false,"footnotes":""},"class_list":["post-47","page","type-page","status-publish","hentry"],"acf":[],"_links":{"self":[{"href":"https:\/\/bppragapd.pl\/bip\/wp-json\/wp\/v2\/pages\/47","targetHints":{"allow":["GET"]}}],"collection":[{"href":"https:\/\/bppragapd.pl\/bip\/wp-json\/wp\/v2\/pages"}],"about":[{"href":"https:\/\/bppragapd.pl\/bip\/wp-json\/wp\/v2\/types\/page"}],"author":[{"embeddable":true,"href":"https:\/\/bppragapd.pl\/bip\/wp-json\/wp\/v2\/users\/2"}],"replies":[{"embeddable":true,"href":"https:\/\/bppragapd.pl\/bip\/wp-json\/wp\/v2\/comments?post=47"}],"version-history":[{"count":4,"href":"https:\/\/bppragapd.pl\/bip\/wp-json\/wp\/v2\/pages\/47\/revisions"}],"predecessor-version":[{"id":495,"href":"https:\/\/bppragapd.pl\/bip\/wp-json\/wp\/v2\/pages\/47\/revisions\/495"}],"wp:attachment":[{"href":"https:\/\/bppragapd.pl\/bip\/wp-json\/wp\/v2\/media?parent=47"}],"curies":[{"name":"wp","href":"https:\/\/api.w.org\/{rel}","templated":true}]}}