{"id":33,"date":"2025-04-03T15:33:01","date_gmt":"2025-04-03T13:33:01","guid":{"rendered":"https:\/\/bppragapd.pl\/bip\/?page_id=33"},"modified":"2025-04-04T14:16:30","modified_gmt":"2025-04-04T12:16:30","slug":"misja-biblioteki","status":"publish","type":"page","link":"https:\/\/bppragapd.pl\/bip\/misja-biblioteki\/","title":{"rendered":"Misja i wizja Biblioteki"},"content":{"rendered":"\n<p><\/p>\n\n\n\n<h1 class=\"wp-block-heading\">Misja i wizja Biblioteki<\/h1>\n\n\n\n<p><\/p>\n\n\n\n<p>Misja i wizja Biblioteki Publicznej im. Zygmunta Jana Rumla w Dzielnicy Praga-Po\u0142udnie m.st. Warszawy<\/p>\n\n\n\n<p><strong><mark style=\"background-color:rgba(0, 0, 0, 0)\" class=\"has-inline-color has-primary-color\">Misja<\/mark><\/strong><br>Misj\u0105 Biblioteki Publicznej im. Zygmunta Jana Rumla w Dzielnicy Praga-Po\u0142udnie m.st. Warszawy, jest sta\u0142e rozwijanie swoich kompetencji. Biblioteka nowoczesna, zapraszaj\u0105ca i efektywnie zaspakajaj\u0105ca potrzeby u\u017cytkownik\u00f3w. Wychodz\u0105ca naprzeciw oczekiwaniom obecnych oraz przysz\u0142ych u\u017cytkownik\u00f3w. Popularyzuj\u0105ca wiedzy, nauki, kultury wraz ze sztuk\u0105 oraz wszechstronne rozwijanie i kszta\u0142cenie przez ca\u0142e \u017cycie.<\/p>\n\n\n\n<p><strong><mark style=\"background-color:rgba(0, 0, 0, 0)\" class=\"has-inline-color has-primary-color\">Wizja<\/mark><\/strong><br>Przysz\u0142o\u015bci\u0105 jest rozw\u00f3j biblioteki hybrydowej, \u0142\u0105cz\u0105cej us\u0142ugi w formie tradycyjnej i elektronicznej. Edukacja przez do\u015bwiadczanie i zabaw\u0119 mi\u0119dzypokoleniow\u0105. \u0141\u0105czy nas Biblioteka poprzez wsp\u00f3\u0142dzia\u0142anie.<\/p>\n\n\n\n<p><\/p>\n","protected":false},"excerpt":{"rendered":"<p>Misja i wizja Biblioteki Misja i wizja Biblioteki Publicznej im. Zygmunta Jana Rumla w Dzielnicy Praga-Po\u0142udnie m.st. Warszawy MisjaMisj\u0105 Biblioteki Publicznej im. Zygmunta Jana Rumla w Dzielnicy Praga-Po\u0142udnie m.st. Warszawy, jest sta\u0142e rozwijanie swoich kompetencji. Biblioteka nowoczesna, zapraszaj\u0105ca i efektywnie zaspakajaj\u0105ca potrzeby u\u017cytkownik\u00f3w. Wychodz\u0105ca naprzeciw oczekiwaniom obecnych oraz przysz\u0142ych u\u017cytkownik\u00f3w. Popularyzuj\u0105ca wiedzy, nauki, kultury wraz [&hellip;]<\/p>\n","protected":false},"author":2,"featured_media":0,"parent":0,"menu_order":0,"comment_status":"closed","ping_status":"closed","template":"","meta":{"_acf_changed":false,"footnotes":""},"class_list":["post-33","page","type-page","status-publish","hentry"],"acf":[],"_links":{"self":[{"href":"https:\/\/bppragapd.pl\/bip\/wp-json\/wp\/v2\/pages\/33","targetHints":{"allow":["GET"]}}],"collection":[{"href":"https:\/\/bppragapd.pl\/bip\/wp-json\/wp\/v2\/pages"}],"about":[{"href":"https:\/\/bppragapd.pl\/bip\/wp-json\/wp\/v2\/types\/page"}],"author":[{"embeddable":true,"href":"https:\/\/bppragapd.pl\/bip\/wp-json\/wp\/v2\/users\/2"}],"replies":[{"embeddable":true,"href":"https:\/\/bppragapd.pl\/bip\/wp-json\/wp\/v2\/comments?post=33"}],"version-history":[{"count":2,"href":"https:\/\/bppragapd.pl\/bip\/wp-json\/wp\/v2\/pages\/33\/revisions"}],"predecessor-version":[{"id":168,"href":"https:\/\/bppragapd.pl\/bip\/wp-json\/wp\/v2\/pages\/33\/revisions\/168"}],"wp:attachment":[{"href":"https:\/\/bppragapd.pl\/bip\/wp-json\/wp\/v2\/media?parent=33"}],"curies":[{"name":"wp","href":"https:\/\/api.w.org\/{rel}","templated":true}]}}