{"id":255,"date":"2025-05-09T11:06:22","date_gmt":"2025-05-09T09:06:22","guid":{"rendered":"https:\/\/bppragapd.pl\/bip\/?page_id=255"},"modified":"2026-01-19T13:36:07","modified_gmt":"2026-01-19T12:36:07","slug":"plan-zamowien-publicznych","status":"publish","type":"page","link":"https:\/\/bppragapd.pl\/bip\/plan-zamowien-publicznych\/","title":{"rendered":"Plan zam\u00f3wie\u0144 publicznych"},"content":{"rendered":"\n<p><\/p>\n\n\n\n<h2 class=\"wp-block-heading\">Plan zam\u00f3wie\u0144 publicznych<\/h2>\n\n\n\n<p>Plan post\u0119powa\u0144 na 2026 rok &#8211; <a href=\"https:\/\/bppragapd.pl\/bip\/wp-content\/uploads\/2026\/01\/Plan-Zamowien-Publicznych-na-2026.pdf\">pobierz dokument w formacie PDF.<\/a><\/p>\n\n\n\n<p>Plan post\u0119powa\u0144 na 2025 rok&nbsp;&#8211;&nbsp;<a href=\"https:\/\/bppragapd.pl\/bip\/wp-content\/uploads\/pliki\/plan-postepowan2025do130-tyspbppp-1744269340.pdf\"><mark style=\"background-color:rgba(0, 0, 0, 0)\" class=\"has-inline-color has-primary-color\">pobierz dokument w formacie PDF<\/mark><\/a><mark style=\"background-color:rgba(0, 0, 0, 0)\" class=\"has-inline-color has-primary-color\"><a href=\"https:\/\/bppragapd.pl\/bip\/wp-content\/uploads\/pliki\/plan-postepowan2025do130-tyspbppp-1744269340.pdf\"> <\/a>.<\/mark><\/p>\n\n\n\n<p><\/p>\n","protected":false},"excerpt":{"rendered":"<p>Plan zam\u00f3wie\u0144 publicznych Plan post\u0119powa\u0144 na 2026 rok &#8211; pobierz dokument w formacie PDF. Plan post\u0119powa\u0144 na 2025 rok&nbsp;&#8211;&nbsp;pobierz dokument w formacie PDF .<\/p>\n","protected":false},"author":2,"featured_media":0,"parent":0,"menu_order":0,"comment_status":"closed","ping_status":"closed","template":"","meta":{"_acf_changed":false,"footnotes":""},"class_list":["post-255","page","type-page","status-publish","hentry"],"acf":[],"_links":{"self":[{"href":"https:\/\/bppragapd.pl\/bip\/wp-json\/wp\/v2\/pages\/255","targetHints":{"allow":["GET"]}}],"collection":[{"href":"https:\/\/bppragapd.pl\/bip\/wp-json\/wp\/v2\/pages"}],"about":[{"href":"https:\/\/bppragapd.pl\/bip\/wp-json\/wp\/v2\/types\/page"}],"author":[{"embeddable":true,"href":"https:\/\/bppragapd.pl\/bip\/wp-json\/wp\/v2\/users\/2"}],"replies":[{"embeddable":true,"href":"https:\/\/bppragapd.pl\/bip\/wp-json\/wp\/v2\/comments?post=255"}],"version-history":[{"count":3,"href":"https:\/\/bppragapd.pl\/bip\/wp-json\/wp\/v2\/pages\/255\/revisions"}],"predecessor-version":[{"id":464,"href":"https:\/\/bppragapd.pl\/bip\/wp-json\/wp\/v2\/pages\/255\/revisions\/464"}],"wp:attachment":[{"href":"https:\/\/bppragapd.pl\/bip\/wp-json\/wp\/v2\/media?parent=255"}],"curies":[{"name":"wp","href":"https:\/\/api.w.org\/{rel}","templated":true}]}}