{"id":132,"date":"2025-04-04T12:12:54","date_gmt":"2025-04-04T10:12:54","guid":{"rendered":"https:\/\/bppragapd.pl\/bip\/?page_id=132"},"modified":"2025-04-04T12:12:54","modified_gmt":"2025-04-04T10:12:54","slug":"zarzadzenia-z-roku-2017","status":"publish","type":"page","link":"https:\/\/bppragapd.pl\/bip\/zarzadzenia-z-roku-2017\/","title":{"rendered":"Zarz\u0105dzenia z roku 2017"},"content":{"rendered":"\n<p><\/p>\n\n\n\n<h1 class=\"wp-block-heading\">Zarz\u0105dzenia z roku 2017<\/h1>\n\n\n\n<p><\/p>\n\n\n\n<ul class=\"wp-block-list\">\n<li>Zarz\u0105dzenie Nr 11\/2017 z dnia 18 grudnia 2017 r. w sprawie ustalenia czasu pracy oraz dni wolnych od pracy w 2018 roku w Bibliotece Publicznej im. Zygmunta Jana Rumla w Dzielnicy Praga-Po\u0142udnie m. st. Warszawy &#8211;\u00a0<a href=\"https:\/\/bppragapd.pl\/bip\/wp-content\/uploads\/pliki\/zarzadzenienr112017-1533299627.pdf\" target=\"_blank\" rel=\"noreferrer noopener\"><mark style=\"background-color:rgba(0, 0, 0, 0)\" class=\"has-inline-color has-primary-color\">pobierz<\/mark><\/a><\/li>\n\n\n\n<li>Zarz\u0105dzenie Nr 10\/2017 z dnia 12 czerwca 2017 r. w sprawie wyznaczenia os\u00f3b upowa\u017cnionych do przygotowania i publikowania wytworzonych tre\u015bci informacyjnych na stron\u0119 internetow\u0105 Biblioteki Publicznej im. Zygmunta Jana Rumla w Dzielnicy Praga-Po\u0142udnie m. st. Warszawy (www.bppragapd.pl) i na portalu spo\u0142eczno\u015bciowym Facebook (www.facebook.com\/Biblioteka.Prga.Poludnie). &#8211;\u00a0<a href=\"https:\/\/bppragapd.pl\/bip\/wp-content\/uploads\/pliki\/zarzadzenienr102017-1533299816.pdf\" target=\"_blank\" rel=\"noreferrer noopener\"><mark style=\"background-color:rgba(0, 0, 0, 0)\" class=\"has-inline-color has-primary-color\">pobierz<\/mark><\/a><\/li>\n\n\n\n<li>Zarz\u0105dzenie Nr 9\/2017 z dnia 31 maja 2017 r. w sprawie wyznaczenia os\u00f3b upowa\u017cnionych do wprowadzania wytworzonych akt\u00f3w prawnych i informacji publicznej do Biuletynu Informacji Publicznej Biblioteki Publicznej im. Zygmunta Jana Rumla w Dzielnicy Praga-Po\u0142udnie m. st. Warszawy i na pracownicz\u0105 stron\u0119 intranetow\u0105 (Intranet) &#8211;\u00a0<a href=\"https:\/\/bppragapd.pl\/bip\/wp-content\/uploads\/pliki\/zarzadzenienr92017-1533299583.pdf\" target=\"_blank\" rel=\"noreferrer noopener\"><mark style=\"background-color:rgba(0, 0, 0, 0)\" class=\"has-inline-color has-primary-color\">pobierz<\/mark><\/a><\/li>\n\n\n\n<li>Zarz\u0105dzenie Nr 8\/2017 z dnia 18 kwietnia 2017 r. w sprawie czasu pracy pracownik\u00f3w filii i oddzia\u0142\u00f3w bibliotecznych oraz otwarcia plac\u00f3wek bibliotecznych dla czytelnik\u00f3w w dniu 26 maja 2017 r. &#8211;\u00a0<a href=\"https:\/\/bppragapd.pl\/bip\/wp-content\/uploads\/pliki\/zarzadzenienr82017-1533299558.pdf\" target=\"_blank\" rel=\"noreferrer noopener\"><mark style=\"background-color:rgba(0, 0, 0, 0)\" class=\"has-inline-color has-primary-color\">pobierz<\/mark><\/a><\/li>\n\n\n\n<li>Zarz\u0105dzenie Nr 7\/2016 z dnia 13 lutego 2017 r. w sprawie przeprowadzenia spisu z natury ksi\u0119gozbioru znajduj\u0105cego si\u0119 w Wypo\u017cyczalni dla Doros\u0142ych i M\u0142odzie\u017cy Nr 40 przy ul. Paca 46 &#8211;\u00a0<a href=\"https:\/\/bppragapd.pl\/bip\/wp-content\/uploads\/pliki\/zarzadzenienr72017-1533299522.pdf\" target=\"_blank\" rel=\"noreferrer noopener\"><mark style=\"background-color:rgba(0, 0, 0, 0)\" class=\"has-inline-color has-primary-color\">pobierz<\/mark><\/a><\/li>\n\n\n\n<li>Zarz\u0105dzenie Nr 6\/2017 z dnia 13 lutego 2017 r. w sprawie przeprowadzenia spisu z natury ksi\u0119gozbioru znajduj\u0105cego si\u0119 w Wypo\u017cyczalni dla Doros\u0142ych i M\u0142odzie\u017cy Nr 44 przy ul. Grochowskiej 333A &#8211;\u00a0<a href=\"https:\/\/bppragapd.pl\/bip\/wp-content\/uploads\/pliki\/zarzadzenienr62017-1533299496.pdf\" target=\"_blank\" rel=\"noreferrer noopener\"><mark style=\"background-color:rgba(0, 0, 0, 0)\" class=\"has-inline-color has-primary-color\">pobierz<\/mark><\/a><\/li>\n\n\n\n<li>Zarz\u0105dzenie Nr 5\/2017 z dnia 13 lutego 2017 r. w sprawie przeprowadzenia spisu z natury ksi\u0119gozbioru znajduj\u0105cego si\u0119 w Wypo\u017cyczalni dla Doros\u0142ych i M\u0142odzie\u017cy Nr 66 przy ul. Angorskiej 14 &#8211;\u00a0<a href=\"https:\/\/bppragapd.pl\/bip\/wp-content\/uploads\/pliki\/zarzadzenienr52017-1533299448.pdf\" target=\"_blank\" rel=\"noreferrer noopener\"><mark style=\"background-color:rgba(0, 0, 0, 0)\" class=\"has-inline-color has-primary-color\">pobierz<\/mark><\/a><\/li>\n\n\n\n<li>Zarz\u0105dzenie Nr 4\/2017 z dnia 13 lutego 2017 r. w sprawie przeprowadzenia spisu z natury ksi\u0119gozbioru znajduj\u0105cego si\u0119 w Bibliotece dla Dzieci i M\u0142odzie\u017cy Nr 2 przy ul. Witoszy\u0144skiego 2 &#8211;\u00a0<a href=\"https:\/\/bppragapd.pl\/bip\/wp-content\/uploads\/pliki\/zarzadzenienr42017-1533299423.pdf\" target=\"_blank\" rel=\"noreferrer noopener\"><mark style=\"background-color:rgba(0, 0, 0, 0)\" class=\"has-inline-color has-primary-color\">pobierz<\/mark><\/a><\/li>\n\n\n\n<li>Zarz\u0105dzenie Nr 3\/2017 z dnia 13 lutego 2017 r. w sprawie przeprowadzenia spisu z natury ksi\u0119gozbioru znajduj\u0105cego si\u0119 w Wypo\u017cyczalni dla Doros\u0142ych i M\u0142odzie\u017cy Nr 3 przy Al. Waszyngtona 2B &#8211;\u00a0<a href=\"https:\/\/bppragapd.pl\/bip\/wp-content\/uploads\/pliki\/zarzadzenienr32017-1533299299.pdf\" target=\"_blank\" rel=\"noreferrer noopener\"><mark style=\"background-color:rgba(0, 0, 0, 0)\" class=\"has-inline-color has-primary-color\">pobierz<\/mark><\/a><\/li>\n\n\n\n<li>Zarz\u0105dzenie Nr 2\/2017 z dnia 13 lutego 2017 r. w sprawie przeprowadzenia spisu z natury ksi\u0119gozbioru znajduj\u0105cego si\u0119 w Wypozyczalni dla Doros\u0142ych i M\u0142odzie\u017cy Nr 24 przy ul. Grochowskiej 279 &#8211;<mark style=\"background-color:rgba(0, 0, 0, 0)\" class=\"has-inline-color has-primary-color\">\u00a0<\/mark><a href=\"https:\/\/bppragapd.pl\/bip\/wp-content\/uploads\/pliki\/zarzadzenienr22017-1533299273.pdf\" target=\"_blank\" rel=\"noreferrer noopener\"><mark style=\"background-color:rgba(0, 0, 0, 0)\" class=\"has-inline-color has-primary-color\">pobierz<\/mark><\/a><mark style=\"background-color:rgba(0, 0, 0, 0)\" class=\"has-inline-color has-primary-color\">\u00a0<\/mark><\/li>\n<\/ul>\n\n\n\n<p><\/p>\n","protected":false},"excerpt":{"rendered":"<p>Zarz\u0105dzenia z roku 2017<\/p>\n","protected":false},"author":2,"featured_media":0,"parent":0,"menu_order":0,"comment_status":"closed","ping_status":"closed","template":"","meta":{"_acf_changed":false,"footnotes":""},"class_list":["post-132","page","type-page","status-publish","hentry"],"acf":[],"_links":{"self":[{"href":"https:\/\/bppragapd.pl\/bip\/wp-json\/wp\/v2\/pages\/132","targetHints":{"allow":["GET"]}}],"collection":[{"href":"https:\/\/bppragapd.pl\/bip\/wp-json\/wp\/v2\/pages"}],"about":[{"href":"https:\/\/bppragapd.pl\/bip\/wp-json\/wp\/v2\/types\/page"}],"author":[{"embeddable":true,"href":"https:\/\/bppragapd.pl\/bip\/wp-json\/wp\/v2\/users\/2"}],"replies":[{"embeddable":true,"href":"https:\/\/bppragapd.pl\/bip\/wp-json\/wp\/v2\/comments?post=132"}],"version-history":[{"count":1,"href":"https:\/\/bppragapd.pl\/bip\/wp-json\/wp\/v2\/pages\/132\/revisions"}],"predecessor-version":[{"id":133,"href":"https:\/\/bppragapd.pl\/bip\/wp-json\/wp\/v2\/pages\/132\/revisions\/133"}],"wp:attachment":[{"href":"https:\/\/bppragapd.pl\/bip\/wp-json\/wp\/v2\/media?parent=132"}],"curies":[{"name":"wp","href":"https:\/\/api.w.org\/{rel}","templated":true}]}}