{"id":128,"date":"2025-04-04T12:09:40","date_gmt":"2025-04-04T10:09:40","guid":{"rendered":"https:\/\/bppragapd.pl\/bip\/?page_id=128"},"modified":"2025-04-04T12:09:40","modified_gmt":"2025-04-04T10:09:40","slug":"zarzadzenia-z-roku-2020","status":"publish","type":"page","link":"https:\/\/bppragapd.pl\/bip\/zarzadzenia-z-roku-2020\/","title":{"rendered":"Zarz\u0105dzenia z roku 2020"},"content":{"rendered":"\n<p><\/p>\n\n\n\n<h1 class=\"wp-block-heading\">Zarz\u0105dzenia z roku 2020<\/h1>\n\n\n\n<p><\/p>\n\n\n\n<ul class=\"wp-block-list\">\n<li>Zarz\u0105dzenie Nr 8\/2020 z dnia 5 maja 2020 r. w sprawie: wprowadzenia Procedury zachowania bezpiecze\u0144stwa i zasad funkcjonowania Biblioteki Publicznej im. Zygmunta Jana Rumla w Dzielnicy Praga-Po\u0142udnie m.st. Warszawy w trakcie epidemii COVID-19 dla u\u017cytkownik\u00f3w Biblioteki oraz Instrukcji obs\u0142ugi wypo\u017cycze\u0144 w systemie SowaSQL dla pracownik\u00f3w filii i oddzia\u0142\u00f3w bibliotecznych &#8211;\u00a0<a href=\"https:\/\/bppragapd.pl\/bip\/wp-content\/uploads\/pliki\/zarzadzenienr82020-1588835343.pdf\" target=\"_blank\" rel=\"noreferrer noopener\"><mark style=\"background-color:rgba(0, 0, 0, 0)\" class=\"has-inline-color has-primary-color\">pobierz<\/mark><\/a>\n<ul class=\"wp-block-list\">\n<li>Za\u0142\u0105cznik nr 1 &#8211; Procedura zachowania bezpiecze\u0144stwa i zasad funkcjonowania Biblioteki Publicznej im. Zygmunta Jana Rumla w Dzielnicy Praga-Po\u0142udnie m.st. Warszawy w trakcie epidemii COVID-19 dla u\u017cytkownik\u00f3w Biblioteki &#8211;\u00a0<a href=\"https:\/\/bppragapd.pl\/bip\/wp-content\/uploads\/pliki\/proczachowaniaizasadfunkw-trakciecovid19-1588835384.pdf\" target=\"_blank\" rel=\"noreferrer noopener\"><mark style=\"background-color:rgba(0, 0, 0, 0)\" class=\"has-inline-color has-primary-color\">pobierz<\/mark><\/a><\/li>\n\n\n\n<li>Za\u0142\u0105cznik nr 2 &#8211; Instrukcja obs\u0142ugi wypo\u017cycze\u0144 w systemie SowaSQL dla pracownik\u00f3w filii i oddzia\u0142\u00f3w bibliotecznych &#8211;\u00a0<a href=\"https:\/\/bppragapd.pl\/bip\/wp-content\/uploads\/pliki\/instrobslugiwypwsyssowasql-1588835440.pdf\" target=\"_blank\" rel=\"noreferrer noopener\"><mark style=\"background-color:rgba(0, 0, 0, 0)\" class=\"has-inline-color has-primary-color\">pobierz<\/mark><\/a><\/li>\n<\/ul>\n<\/li>\n\n\n\n<li>Zarz\u0105dzenie Nr 9\/2020 z dnia 21 sierpnia 2020 r. w sprawie: aktualizacji Procedury zachowania bezpiecze\u0144stwa i zasad funkcjonowania Biblioteki Publicznej im. Zygmunta Jana Rumla w Dzielnicy Praga-Po\u0142udnie m.st. Warszawy w trakcie epidemii COVID-19 dla u\u017cytkownik\u00f3w Biblioteki oraz Instrukcji obs\u0142ugi wypo\u017cycze\u0144 w systemie SowaSQL dla pracownik\u00f3w filii i oddzia\u0142\u00f3w bibliotecznych &#8211;\u00a0<a href=\"https:\/\/bppragapd.pl\/bip\/wp-content\/uploads\/pliki\/zarzadzenienr92020-1598015997.pdf\"><mark style=\"background-color:rgba(0, 0, 0, 0)\" class=\"has-inline-color has-primary-color\">pobierz<\/mark><\/a>\n<ol class=\"wp-block-list\">\n<li>Za\u0142\u0105cznik nr 1 do Zarz\u0105dzenia nr 9\/2020 &#8211; Procedura zachowania bezpiecze\u0144stwa i zasad funkcjonowania Biblioteki Publicznej im. Zygmunta Jana Rumla w Dzielnicy Praga-Po\u0142udnie m.st. Warszawy w trakcie epidemii COVID-19 dla u\u017cytkownik\u00f3w Biblioteki &#8211;\u00a0<a href=\"https:\/\/bppragapd.pl\/bip\/wp-content\/uploads\/pliki\/zalaczniknr-1zarz92020-procedura-bezpieczenstwa-1598016065.pdf\"><mark style=\"background-color:rgba(0, 0, 0, 0)\" class=\"has-inline-color has-primary-color\">pobierz<\/mark><\/a><\/li>\n\n\n\n<li>Za\u0142\u0105cznik nr 2 do Zarz\u0105dzenia nr 9\/2020- Instrukcja obs\u0142ugi wypo\u017cycze\u0144 w systemie SowaSQL dla pracownik\u00f3w filii i oddzia\u0142\u00f3w bibliotecznych &#8211;\u00a0<a href=\"https:\/\/bppragapd.pl\/bip\/wp-content\/uploads\/pliki\/zalaczniknr-2zarz92020-instrukcja-sowasql-1598016122.pdf\"><mark style=\"background-color:rgba(0, 0, 0, 0)\" class=\"has-inline-color has-primary-color\">pobierz<\/mark><\/a><\/li>\n<\/ol>\n<\/li>\n\n\n\n<li>Zarz\u0105dzenie Nr 13\/2020 z dnia 6 listopada 2020 r. w sprawie: czasowego zamkni\u0119cia plac\u00f3wek bibliotecznych dla czytelnik\u00f3w decyzj\u0105 Prezesa rady Ministr\u00f3w z dnia 4 listopada 2020 roku &#8211;\u00a0<a href=\"https:\/\/bppragapd.pl\/bip\/wp-content\/uploads\/pliki\/zarzadzenienr132020-1604659873.pdf\"><mark style=\"background-color:rgba(0, 0, 0, 0)\" class=\"has-inline-color has-primary-color\">pobierz<\/mark><\/a><\/li>\n<\/ul>\n\n\n\n<p><\/p>\n","protected":false},"excerpt":{"rendered":"<p>Zarz\u0105dzenia z roku 2020<\/p>\n","protected":false},"author":2,"featured_media":0,"parent":0,"menu_order":0,"comment_status":"closed","ping_status":"closed","template":"","meta":{"_acf_changed":false,"footnotes":""},"class_list":["post-128","page","type-page","status-publish","hentry"],"acf":[],"_links":{"self":[{"href":"https:\/\/bppragapd.pl\/bip\/wp-json\/wp\/v2\/pages\/128","targetHints":{"allow":["GET"]}}],"collection":[{"href":"https:\/\/bppragapd.pl\/bip\/wp-json\/wp\/v2\/pages"}],"about":[{"href":"https:\/\/bppragapd.pl\/bip\/wp-json\/wp\/v2\/types\/page"}],"author":[{"embeddable":true,"href":"https:\/\/bppragapd.pl\/bip\/wp-json\/wp\/v2\/users\/2"}],"replies":[{"embeddable":true,"href":"https:\/\/bppragapd.pl\/bip\/wp-json\/wp\/v2\/comments?post=128"}],"version-history":[{"count":1,"href":"https:\/\/bppragapd.pl\/bip\/wp-json\/wp\/v2\/pages\/128\/revisions"}],"predecessor-version":[{"id":129,"href":"https:\/\/bppragapd.pl\/bip\/wp-json\/wp\/v2\/pages\/128\/revisions\/129"}],"wp:attachment":[{"href":"https:\/\/bppragapd.pl\/bip\/wp-json\/wp\/v2\/media?parent=128"}],"curies":[{"name":"wp","href":"https:\/\/api.w.org\/{rel}","templated":true}]}}