{"id":122,"date":"2025-04-04T12:01:50","date_gmt":"2025-04-04T10:01:50","guid":{"rendered":"https:\/\/bppragapd.pl\/bip\/?page_id=122"},"modified":"2025-04-07T16:01:59","modified_gmt":"2025-04-07T14:01:59","slug":"zarzadzenia-z-roku-2022","status":"publish","type":"page","link":"https:\/\/bppragapd.pl\/bip\/zarzadzenia-z-roku-2022\/","title":{"rendered":"Zarz\u0105dzenia z roku 2022"},"content":{"rendered":"\n<p><\/p>\n\n\n\n<h1 class=\"wp-block-heading\">Zarz\u0105dzenia z roku 2022<\/h1>\n\n\n\n<p><\/p>\n\n\n\n<ol class=\"wp-block-list\">\n<li>Zarz\u0105dzenie Nr 1\/2022 z dnia 4 lutego 2022 r. w sprawie: przeprowadzenia spisu z natury ksi\u0119gozbioru znajduj\u0105cego si\u0119 w Wypo\u017cyczalni dla Doros\u0142ych i M\u0142odzie\u017cy nr 19 przy ul. Witoszy\u0144skiego 2 &#8211;&nbsp;<a href=\"https:\/\/bppragapd.pl\/bip\/wp-content\/uploads\/pliki\/zarzadzenienr12022-1666952438.pdf\" target=\"_blank\" rel=\"noreferrer noopener\"><mark style=\"background-color:rgba(0, 0, 0, 0)\" class=\"has-inline-color has-primary-color\">pobierz<\/mark><\/a><\/li>\n\n\n\n<li>Zarz\u0105dzenie Nr 2\/2021 z dnia 4 lutego 2022 r. w sprawie: przeprowadzenia spisu z natury ksi\u0119gozbioru znajduj\u0105cego si\u0119 w Bibliotece dla Dzieci i M\u0142odzie\u017cy nr 2 przy ul. Witoszy\u0144skiego 2 &#8211;&nbsp;<a href=\"https:\/\/bppragapd.pl\/bip\/wp-content\/uploads\/pliki\/zarzadzenienr22022-1666952460.pdf\" target=\"_blank\" rel=\"noreferrer noopener\"><mark style=\"background-color:rgba(0, 0, 0, 0)\" class=\"has-inline-color has-primary-color\">pobierz<\/mark><\/a><\/li>\n\n\n\n<li>Zarz\u0105dzenie Nr 3\/2022 z dnia 22 sierpnia 2022 r. w sprawie: przeprowadzenia spisu z natury ksi\u0119gozbioru znajduj\u0105cego si\u0119 w Wypo\u017cyczalni dla Doros\u0142ych i M\u0142odzie\u017cy nr 66 przy ul. Angorskiej 14 &#8211;&nbsp;<a href=\"https:\/\/bppragapd.pl\/bip\/wp-content\/uploads\/pliki\/zarzadzenienr32022-1666952473.pdf\" target=\"_blank\" rel=\"noreferrer noopener\"><mark style=\"background-color:rgba(0, 0, 0, 0)\" class=\"has-inline-color has-primary-color\">pobierz<\/mark><\/a><\/li>\n\n\n\n<li>Zarz\u0105dzenie Nr 4\/2022 z dnia 5 wrze\u015bnia 2022 r. w sprawie: przeprowadzenia inwentaryzacji sk\u0142adnik\u00f3w maj\u0105tkowych i powo\u0142ania Komisji Inwentaryzacyjnej do przeprowadzenia spisu z natury &#8211;&nbsp;<a href=\"https:\/\/bppragapd.pl\/bip\/wp-content\/uploads\/pliki\/zarzadzenienr42022-1666952488.pdf\" target=\"_blank\" rel=\"noreferrer noopener\"><mark style=\"background-color:rgba(0, 0, 0, 0)\" class=\"has-inline-color has-primary-color\">pobierz<\/mark><\/a><\/li>\n\n\n\n<li>Zarz\u0105dzenie Nr 5\/2022 z dnia 10 pa\u017adziernika 2022 r. w sprawie: przeprowadzenia spisu z natury ksi\u0119gozbioru znajduj\u0105cego si\u0119 w Wypo\u017cyczalni dla Doros\u0142ych i M\u0142odzie\u017cy Nr 24 przy ul. Grochowskiej 279 &#8211;&nbsp;<a href=\"https:\/\/bppragapd.pl\/bip\/wp-content\/uploads\/pliki\/zarzadzenienr52022-1666952502.pdf\" target=\"_blank\" rel=\"noreferrer noopener\"><mark style=\"background-color:rgba(0, 0, 0, 0)\" class=\"has-inline-color has-primary-color\">pobierz<\/mark><\/a><\/li>\n\n\n\n<li>Aneks nr 4 do Zarz\u0105dzenia Nr 9\/2020 z dnia 21 sierpnia 2020 r. aktualizacji Procedury zachowania bezpiecze\u0144stwa i zasad funkcjonowania Biblioteki Publicznej im. Zygmunta Jana Rumla w Dzielnicy Praga-Po\u0142udnie m.st. Warszawy w trakcie epidemii COVID-19 dla u\u017cytkownik\u00f3w Biblioteki oraz Instrukcji obs\u0142ugi wypo\u017cycze\u0144 w systemie SowaSQL dla pracownik\u00f3w filii i oddzia\u0142\u00f3w bibliotecznych &#8211;&nbsp;<a href=\"https:\/\/bppragapd.pl\/bip\/wp-content\/uploads\/pliki\/zarzadzenienr-92020aneksnr4-1666952704.pdf\" target=\"_blank\" rel=\"noreferrer noopener\"><mark style=\"background-color:rgba(0, 0, 0, 0)\" class=\"has-inline-color has-primary-color\">pobierz<\/mark><\/a><\/li>\n\n\n\n<li>Aneks nr 5 do Zarz\u0105dzenia Nr 9\/2020 z dnia 21 sierpnia 2020 r. aktualizacji Procedury zachowania bezpiecze\u0144stwa i zasad funkcjonowania Biblioteki Publicznej im. Zygmunta Jana Rumla w Dzielnicy Praga-Po\u0142udnie m.st. Warszawy w trakcie epidemii COVID-19 dla u\u017cytkownik\u00f3w Biblioteki oraz Instrukcji obs\u0142ugi wypo\u017cycze\u0144 w systemie SowaSQL dla pracownik\u00f3w filii i oddzia\u0142\u00f3w bibliotecznych &#8211;&nbsp;<a href=\"https:\/\/bppragapd.pl\/bip\/wp-content\/uploads\/pliki\/aneksnr5zarzadzenienr92020-1666952724.pdf\" target=\"_blank\" rel=\"noreferrer noopener\"><mark style=\"background-color:rgba(0, 0, 0, 0)\" class=\"has-inline-color has-primary-color\">pobierz<\/mark><\/a>\n<ol class=\"wp-block-list\">\n<li>Procedura zachowania bezpiecze\u0144stwa i zasad funkcjonowania Biblioteki Publicznej im. Zygmunta Jana Rumla w Dzielnicy Praga-Po\u0142udnie m.st. Warszawy w trakcie epidemii COVID-19 dla u\u017cytkownik\u00f3w Biblioteki od 4 kwietnia 2022 r. &#8211;&nbsp;<a href=\"https:\/\/bppragapd.pl\/bip\/wp-content\/uploads\/pliki\/prodedurazachwaniabezpieczenstwaizasadfunkcjonowaniabiblioteki042022-1666953076.pdf\" target=\"_blank\" rel=\"noreferrer noopener\"><mark style=\"background-color:rgba(0, 0, 0, 0)\" class=\"has-inline-color has-primary-color\">pobierz<\/mark><\/a><\/li>\n<\/ol>\n<\/li>\n\n\n\n<li>Aneks Nr 1 z dnia 1 kwietnia 2022 r. do Zarz\u0105dzenia Nr 11\/2019 z dnia 27 czerwca 2019 r. w sprawie: zmian wprowadzonych w Regulaminie korzystania ze zbior\u00f3w i us\u0142ug w systemie informatyczno-bibliotecznym Biblioteki Publicznej im. Zygmunta Jana Rumla w Dzielnicy Praga-Po\u0142udnie m.st. Warszawy &#8211;&nbsp;<a href=\"https:\/\/bppragapd.pl\/bip\/wp-content\/uploads\/pliki\/aneksnr1zarzadzenienr112019-1666952542.pdf\" target=\"_blank\" rel=\"noreferrer noopener\"><mark style=\"background-color:rgba(0, 0, 0, 0)\" class=\"has-inline-color has-primary-color\">pobierz<\/mark><\/a><\/li>\n\n\n\n<li>Zarz\u0105dzenie Nr 10\/2022 z dnia 22 grudnia 2022 r. w sprawie: wprowadzenia w \u017cycie Regulaminu korzystania ze zbior\u00f3w i us\u0142ug w systemie informatyczno-bibliotecznym Biblioteki Publicznej im. Zygmunta Jana Rumla w Dzielnicy Praga-Po\u0142udnie m.st. Warszawy &#8211;<mark style=\"background-color:rgba(0, 0, 0, 0)\" class=\"has-inline-color has-primary-color\"><a href=\"https:\/\/bppragapd.pl\/bip\/wp-content\/uploads\/pliki\/zarzadzenienr102022-1671797896.pdf\">&nbsp;<\/a><\/mark><a href=\"https:\/\/bppragapd.pl\/bip\/wp-content\/uploads\/pliki\/zarzadzenienr102022-1671797896.pdf\"><mark style=\"background-color:rgba(0, 0, 0, 0)\" class=\"has-inline-color has-primary-color\">pobierz<\/mark><\/a><mark style=\"background-color:rgba(0, 0, 0, 0)\" class=\"has-inline-color has-primary-color\">&nbsp;<\/mark><\/li>\n<\/ol>\n\n\n\n<details class=\"wp-block-details has-primary-color has-text-color has-link-color wp-elements-b7f3db9e0ca6bebcc25aabd82f375e23 is-layout-flow wp-block-details-is-layout-flow\"><summary>Za\u0142\u0105czniki<\/summary>\n<figure class=\"wp-block-table\"><table class=\"has-primary-color has-text-color has-link-color has-fixed-layout\"><tbody><tr><td><a href=\"https:\/\/bppragapd.pl\/bip\/wp-content\/uploads\/pliki\/zarzadzenienr102022-1671797896.pdf\" target=\"_blank\" rel=\"noreferrer noopener\"><mark style=\"background-color:rgba(0, 0, 0, 0)\" class=\"has-inline-color has-primary-color\">Zarz\u0105dzenie nr 10 z dnia 22 grudnia 2022<\/mark><\/a><\/td><\/tr><tr><td><a href=\"https:\/\/bppragapd.pl\/bip\/wp-content\/uploads\/pliki\/prodedurazachwaniabezpieczenstwaizasadfunkcjonowaniabiblioteki042022-1666953076.pdf\" target=\"_blank\" rel=\"noreferrer noopener\"><mark style=\"background-color:rgba(0, 0, 0, 0)\" class=\"has-inline-color has-primary-color\">Procedura<\/mark><\/a><\/td><\/tr><\/tbody><\/table><\/figure>\n\n\n\n<p class=\"has-contrast-color has-text-color has-link-color wp-elements-7f1c0258a979396879dda0984cf72228\"><\/p>\n<\/details>\n\n\n\n<p><\/p>\n\n\n\n<p><\/p>\n","protected":false},"excerpt":{"rendered":"<p>Zarz\u0105dzenia z roku 2022<\/p>\n","protected":false},"author":2,"featured_media":0,"parent":0,"menu_order":0,"comment_status":"closed","ping_status":"closed","template":"","meta":{"_acf_changed":false,"footnotes":""},"class_list":["post-122","page","type-page","status-publish","hentry"],"acf":[],"_links":{"self":[{"href":"https:\/\/bppragapd.pl\/bip\/wp-json\/wp\/v2\/pages\/122","targetHints":{"allow":["GET"]}}],"collection":[{"href":"https:\/\/bppragapd.pl\/bip\/wp-json\/wp\/v2\/pages"}],"about":[{"href":"https:\/\/bppragapd.pl\/bip\/wp-json\/wp\/v2\/types\/page"}],"author":[{"embeddable":true,"href":"https:\/\/bppragapd.pl\/bip\/wp-json\/wp\/v2\/users\/2"}],"replies":[{"embeddable":true,"href":"https:\/\/bppragapd.pl\/bip\/wp-json\/wp\/v2\/comments?post=122"}],"version-history":[{"count":2,"href":"https:\/\/bppragapd.pl\/bip\/wp-json\/wp\/v2\/pages\/122\/revisions"}],"predecessor-version":[{"id":219,"href":"https:\/\/bppragapd.pl\/bip\/wp-json\/wp\/v2\/pages\/122\/revisions\/219"}],"wp:attachment":[{"href":"https:\/\/bppragapd.pl\/bip\/wp-json\/wp\/v2\/media?parent=122"}],"curies":[{"name":"wp","href":"https:\/\/api.w.org\/{rel}","templated":true}]}}