{"id":118,"date":"2025-04-04T11:52:14","date_gmt":"2025-04-04T09:52:14","guid":{"rendered":"https:\/\/bppragapd.pl\/bip\/?page_id=118"},"modified":"2025-04-07T16:00:08","modified_gmt":"2025-04-07T14:00:08","slug":"zarzadzenia-z-roku-2024","status":"publish","type":"page","link":"https:\/\/bppragapd.pl\/bip\/zarzadzenia-z-roku-2024\/","title":{"rendered":"Zarz\u0105dzenia z roku 2024"},"content":{"rendered":"\n<p><\/p>\n\n\n\n<h1 class=\"wp-block-heading\">Zarz\u0105dzenia z roku 2024<\/h1>\n\n\n\n<ol class=\"wp-block-list\">\n<li>Zarz\u0105dzenie Nr 1\/2024 z dnia 2 stycznia 2024 r. w sprawie: zmiany za\u0142\u0105cznika do Regulaminu Wynagradzania Pracownik\u00f3w Biblioteki Publicznej im. Zygmunta Jana Rumla w Dzielnicy Praga-Po\u0142udnie m.st. Warszawy &#8211;&nbsp;<a href=\"https:\/\/bppragapd.pl\/bip\/wp-content\/uploads\/pliki\/zarzadzenienr12024-1714036156.pdf\"><mark style=\"background-color:rgba(0, 0, 0, 0)\" class=\"has-inline-color has-primary-color\">pobierz<\/mark><\/a>\n<ol class=\"wp-block-list\">\n<li>Za\u0142\u0105cznik nr 1 do Zarz\u0105dzenia Nr 1\/2024 &#8211; Mapa stanowisk pracy i miesi\u0119cznego wynagrodzenia zasadniczego &#8211;&nbsp;<a href=\"https:\/\/bppragapd.pl\/bip\/wp-content\/uploads\/pliki\/zal1zarzadzenienr12024mapastanowisk-1714036743.pdf\"><mark style=\"background-color:rgba(0, 0, 0, 0)\" class=\"has-inline-color has-primary-color\">pobierz<\/mark><\/a><\/li>\n<\/ol>\n<\/li>\n\n\n\n<li>Zarz\u0105dzenie Nr 2\/2024 z dnia 2 stycznia 2024 r. w sprawie: powo\u0142ania Komisji Socjalnej &#8211;&nbsp;<a href=\"https:\/\/bppragapd.pl\/bip\/wp-content\/uploads\/pliki\/zarzadzenienr22024-1714036223.pdf\"><mark style=\"background-color:rgba(0, 0, 0, 0)\" class=\"has-inline-color has-primary-color\">pobierz<\/mark><\/a><\/li>\n\n\n\n<li>Zarz\u0105dzenie Nr 3\/2024 z dnia 19 stycznia 2024 r. w sprawie: odwo\u0142ania Administratora System\u00f3w Informatycznych Biblioteki Publicznej im. Zygmunta Jana Rumla w Dzielnicy Praga-Po\u0142udnie m.st. Warszawy &#8211;&nbsp;<a href=\"https:\/\/bppragapd.pl\/bip\/wp-content\/uploads\/pliki\/zarzadzenienr32024-1714036238.pdf\"><mark style=\"background-color:rgba(0, 0, 0, 0)\" class=\"has-inline-color has-primary-color\">pobierz<\/mark><\/a><\/li>\n\n\n\n<li>Aneks Nr 1 z 19 stycznia 2024 r. do Zarz\u0105dzenia Nr 19\/2023 w sprawie przeprowadzenia inwentaryzacji w Bibliotece Publicznej im. Zygmunta Jana Rumla w Dzielnicy Praga-Po\u0142udnie m.st. Warszawy &#8211;&nbsp;<a href=\"https:\/\/bppragapd.pl\/bip\/wp-content\/uploads\/pliki\/aneksnr1zarz192023-1714036782.pdf\"><mark style=\"background-color:rgba(0, 0, 0, 0)\" class=\"has-inline-color has-primary-color\">pobierz<\/mark><\/a><\/li>\n\n\n\n<li>Zarz\u0105dzenie Nr 4\/2024 z dnia 2 lutego 2024 r. w sprawie: przeprowadzenia skontrum ca\u0142o\u015bciowego znajduj\u0105cego si\u0119 w Wypo\u017cyczalni Zbior\u00f3w Obcoj\u0119zycznych przy ul. J. Nowaka-Jeziora\u0144skiego 24 &#8211;&nbsp;<a href=\"https:\/\/bppragapd.pl\/bip\/wp-content\/uploads\/pliki\/zarzadzenienr42024-1714036268.pdf\"><mark style=\"background-color:rgba(0, 0, 0, 0)\" class=\"has-inline-color has-primary-color\">pobierz<\/mark><\/a><\/li>\n\n\n\n<li>Zarz\u0105dzenie Nr 5\/2024 z dnia 13 lutego 2024 r. w sprawie: zmian w planie finansowym Biblioteki Publicnej na 2023 rok &#8211;&nbsp;<a href=\"https:\/\/bppragapd.pl\/bip\/wp-content\/uploads\/pliki\/zarzadzenienr52024-1714036298.pdf\"><mark style=\"background-color:rgba(0, 0, 0, 0)\" class=\"has-inline-color has-primary-color\">pobierz<\/mark><\/a><\/li>\n\n\n\n<li>Zarz\u0105dzenie Nr 6\/2024 z dnia 13 lutego 2024 r. w sprawie: zmian w planie finansowym Biblioteki Publicnej na 2024 rok &#8211;&nbsp;<a href=\"https:\/\/bppragapd.pl\/bip\/wp-content\/uploads\/pliki\/zarzadzenienr62024-1714036327.pdf\"><mark style=\"background-color:rgba(0, 0, 0, 0)\" class=\"has-inline-color has-primary-color\">pobierz<\/mark><\/a><\/li>\n\n\n\n<li>Zarz\u0105dzenie Nr 7\/2024 z dnia 15 lutego 2024 r. w sprawie: planu realizacji Zak\u0142adowego Funduszu \u015awiadcze\u0144 Socjalnych na rok 2024 w Bibliotece Publicznej im. Zygmunta Jana Rumla w Dzielnicy Praga-Po\u0142udnie m.st. Warszawy &#8211;&nbsp;<a href=\"https:\/\/bppragapd.pl\/bip\/wp-content\/uploads\/pliki\/zarzadzenienr72024-1714036344.pdf\"><mark style=\"background-color:rgba(0, 0, 0, 0)\" class=\"has-inline-color has-primary-color\">pobierz<\/mark><\/a><\/li>\n\n\n\n<li>Zarz\u0105dzenie Nr 8\/2024 z dnia 15 lutego 2024 r. w sprawie: zapewnienia pracownikom \u015brodk\u00f3w higieny osobistej oraz zasad przydzielania i gospodarowania \u015brodkami ochrony indywidualnej oraz odzie\u017c\u0105 i obuwiem roboczym &#8211;&nbsp;<a href=\"https:\/\/bppragapd.pl\/bip\/wp-content\/uploads\/pliki\/zarzadzenienr82024-1714036364.pdf\"><mark style=\"background-color:rgba(0, 0, 0, 0)\" class=\"has-inline-color has-primary-color\">pobierz<\/mark><\/a><\/li>\n\n\n\n<li>Zarz\u0105dzenie Nr 9\/2024 z dnia 11 marca 2024 r. w sprawie: wprowadzenia Regulaminu przyjmowania faktur w formie elektronicznej przez Bibliotek\u0119 Publiczn\u0105 im. Zygmunta Jana Rumla w Dzielnicy Praga-Po\u0142udnie m.st. Warszawy &#8211;&nbsp;<a href=\"https:\/\/bppragapd.pl\/bip\/wp-content\/uploads\/pliki\/zarzadzenienr92024-1714036418.pdf\"><mark style=\"background-color:rgba(0, 0, 0, 0)\" class=\"has-inline-color has-primary-color\">pobierz<\/mark><\/a>\n<ol class=\"wp-block-list\">\n<li>Za\u0142\u0105cznik Nr 1 do Zarz\u0105dzenia nr 9\/2024 &#8211; Regulamin przyjmowania faktur w formie elektronicznej przez Bibliotek\u0119 Publiczn\u0105 im. Zygmunta Jana Rumla w Dzielnicy Praga-Po\u0142udnie m.st. Warszawy &#8211;&nbsp;<a href=\"https:\/\/bppragapd.pl\/bip\/wp-content\/uploads\/pliki\/regulaminprzyjmowaniafakturwformieelektronicznej-1710240503.pdf\" target=\"_blank\" rel=\"noreferrer noopener\"><mark style=\"background-color:rgba(0, 0, 0, 0)\" class=\"has-inline-color has-primary-color\">pobierz<\/mark><\/a><\/li>\n<\/ol>\n<\/li>\n\n\n\n<li>Zarz\u0105dzenie Nr 10\/2024 z dnia 21 marca 2024 r. w sprawie: wprowadzenia w \u017cycie Regulaminu naboru na wolne stanowiska pracy w Bibliotece Publicznej im. Zygmunta Jana Rumla w Dzielnicy Praga-Po\u0142udnie m.st. Warszawy &#8211;<mark style=\"background-color:rgba(0, 0, 0, 0)\" class=\"has-inline-color has-primary-color\">&nbsp;<\/mark><a href=\"https:\/\/bppragapd.pl\/bip\/wp-content\/uploads\/pliki\/zarzadzenienr102024-1714036442.pdf\"><mark style=\"background-color:rgba(0, 0, 0, 0)\" class=\"has-inline-color has-primary-color\">pobierz<\/mark><\/a>\n<ol class=\"wp-block-list\">\n<li>Za\u0142\u0105cznik Nr 1 do Zarz\u0105dzenia nr 10\/2024 &#8211; Regulamin naboru na wolne stanowiska pracy w Bibliotece Publicznej im. Zygmunta Jana Rumla w Dzielnicy Praga-Po\u0142udnie m.st. Warszawy &#8211;&nbsp;<a href=\"https:\/\/bppragapd.pl\/bip\/wp-content\/uploads\/pliki\/regulaminnaborunastanowiskapracybibliotekapragapd-1712671040.pdf\" target=\"_blank\" rel=\"noreferrer noopener\"><mark style=\"background-color:rgba(0, 0, 0, 0)\" class=\"has-inline-color has-primary-color\">pobierz<\/mark><\/a><\/li>\n<\/ol>\n<\/li>\n\n\n\n<li>Zarz\u0105dzenie Nr 11\/2024 z dnia 21 marca 2024 r. w sprawie: planu finansowego Biblioteki Publicznej na 2024 rok &#8211;&nbsp;<a href=\"https:\/\/bppragapd.pl\/bip\/wp-content\/uploads\/pliki\/zarzadzenienr112024-1714036579.pdf\"><mark style=\"background-color:rgba(0, 0, 0, 0)\" class=\"has-inline-color has-primary-color\">pobierz<\/mark><\/a>\n<ol class=\"wp-block-list\">\n<li>Plan finansowy instytucji kultury na rok 2024 &#8211;&nbsp;<a href=\"https:\/\/bppragapd.pl\/bip\/wp-content\/uploads\/pliki\/zal1zarzadzenienr112024-1714039075.pdf\"><mark style=\"background-color:rgba(0, 0, 0, 0)\" class=\"has-inline-color has-primary-color\">pobierz<\/mark><\/a><\/li>\n<\/ol>\n<\/li>\n\n\n\n<li>Zarz\u0105dzenie Nr 12\/2024 z dnia 10 kwietnia 2024 r. w sprawie: przeprowadzenia skontrum ilo\u015bciowo-warto\u015bciowego znajduj\u0105cego si\u0119 w Wypo\u017cyczalni dla Doros\u0142ych i M\u0142odzie\u017cy Nr 3 przy al. J. Waszyngtona 2b &#8211;&nbsp;<a href=\"https:\/\/bppragapd.pl\/bip\/wp-content\/uploads\/pliki\/zarzadzenienr122024-1714036597.pdf\"><mark style=\"background-color:rgba(0, 0, 0, 0)\" class=\"has-inline-color has-primary-color\">pobierz<\/mark><\/a><\/li>\n\n\n\n<li>Zarz\u0105dzenie Nr 13\/2024 z dnia 12 kwietnia 2024 r. w sprawie: przeprowadzenia skontrum ilo\u015bciowo-warto\u015bciowego znajduj\u0105cego si\u0119 w Wypo\u017cyczalni dla Doros\u0142ych i M\u0142odzie\u017cy Nr 19 przy al. J. Miessnera 5 &#8211;<mark style=\"background-color:rgba(0, 0, 0, 0)\" class=\"has-inline-color has-primary-color\">&nbsp;<\/mark><a href=\"https:\/\/bppragapd.pl\/bip\/wp-content\/uploads\/pliki\/zarzadzenienr132024-1714036613.pdf\"><mark style=\"background-color:rgba(0, 0, 0, 0)\" class=\"has-inline-color has-primary-color\">pobierz<\/mark><\/a><\/li>\n\n\n\n<li>Zarz\u0105dzenie Nr 14\/2024 z dnia 12 kwietnia 2024 r. w sprawie: przeprowadzenia skontrum ilo\u015bciowo-warto\u015bciowego znajduj\u0105cego si\u0119 w Bibliotece dla Dzieci i M\u0142odzie\u017cy Nr 3 przy al. J. Miessnera 5 &#8211;&nbsp;<a href=\"https:\/\/bppragapd.pl\/bip\/wp-content\/uploads\/pliki\/zarzadzenienr142024-1714036631.pdf\"><mark style=\"background-color:rgba(0, 0, 0, 0)\" class=\"has-inline-color has-primary-color\">pobierz<\/mark><\/a><\/li>\n\n\n\n<li>Aneks Nr 1 z dnia 14 czerwca 2024 r. do Zarz\u0105dzenia Nr 17\/2023 w sprawie: ustalenia czasu pracy oraz dni wolnych od pracy w 2024 roku w Bibliotece Publicznej im. Zygmunta Jana Rumla w Dzielnicy Praga-Po\u0142udnie m.st. Warszawy &#8211;&nbsp;<a href=\"https:\/\/bppragapd.pl\/bip\/wp-content\/uploads\/pliki\/aneksnr1zarz172023-1718377716.pdf\"><mark style=\"background-color:rgba(0, 0, 0, 0)\" class=\"has-inline-color has-primary-color\">pobierz<\/mark><\/a><\/li>\n\n\n\n<li>Zarz\u0105dzenie Nr 15\/2024 z dnia 6 maja 2024 r. w sprawie: zmiany za\u0142acznik\u00f3w do Regulaminu wolontariatu Biblioteki Publicznej im. Zygmunta Jana Rumla w Dzielnicy Praga-Po\u0142udnie m.st. Warszawy &#8211;&nbsp;<a href=\"https:\/\/bppragapd.pl\/bip\/wp-content\/uploads\/pliki\/zarzadzenienr152024-1718693397.pdf\"><mark style=\"background-color:rgba(0, 0, 0, 0)\" class=\"has-inline-color has-primary-color\">pobierz<\/mark><\/a><\/li>\n\n\n\n<li>Zarz\u0105dzenie Nr 16\/2024 z dnia 6 maja 2024 r. w sprawie: planu finansowego Biblioteki Publicznej na 2024 rok &#8211;&nbsp;<a href=\"https:\/\/bppragapd.pl\/bip\/wp-content\/uploads\/pliki\/zarzadzenienr162024-1718693413.pdf\"><mark style=\"background-color:rgba(0, 0, 0, 0)\" class=\"has-inline-color has-primary-color\">pobierz<\/mark><\/a><br>Plan finansowy instytucji kultury na 2024 rok &#8211;&nbsp;<a href=\"https:\/\/bppragapd.pl\/bip\/wp-content\/uploads\/pliki\/planfinansowyinstkult2024zarz162024-1723796575.pdf\"><mark style=\"background-color:rgba(0, 0, 0, 0)\" class=\"has-inline-color has-primary-color\">pobierz<\/mark><\/a><\/li>\n\n\n\n<li>Zarz\u0105dzenie Nr 17\/2024 z dnia 13 maja 2024 r. w sprawie: planu finansowego Biblioteki Publicznej na 2024 rok &#8211;&nbsp;<a href=\"https:\/\/bppragapd.pl\/bip\/wp-content\/uploads\/pliki\/zarzadzenienr172024-1718693430.pdf\"><mark style=\"background-color:rgba(0, 0, 0, 0)\" class=\"has-inline-color has-primary-color\">pobierz<\/mark><\/a><\/li>\n\n\n\n<li>Zarz\u0105dzenie Nr 19\/2024 z dnia 4 lipca 2024 r. w sprawie: planu finansowego Biblioteki Publicznej na 2024 rok &#8211;&nbsp;<a href=\"https:\/\/bppragapd.pl\/bip\/wp-content\/uploads\/pliki\/zarzadzenienr192024-1720083453.pdf\"><mark style=\"background-color:rgba(0, 0, 0, 0)\" class=\"has-inline-color has-primary-color\">pobierz<\/mark><\/a><\/li>\n\n\n\n<li>Zarz\u0105dzenie Nr 20\/2024 z dnia 4 lipca 2024 r. w sprawie: powo\u0142ania sta\u0142ej Komisji ds. selekcji i ubytkowania ksi\u0119gozbioru Biblioteki Publicznej im. Zygmunta Jana Rumla w Dzielnicy Praga-Po\u0142udnie m.st. Warszawy &#8211;&nbsp;<a href=\"https:\/\/bppragapd.pl\/bip\/wp-content\/uploads\/pliki\/zarzadzenienr202024-1720093426.pdf\"><mark style=\"background-color:rgba(0, 0, 0, 0)\" class=\"has-inline-color has-primary-color\">pobierz<\/mark><\/a><\/li>\n\n\n\n<li>Zarz\u0105dzenie Nr 21\/2024 z dnia 4 lipca 2024 r. w sprawie: wyznaczenia os\u00f3b upowa\u017cnionych do wej\u015bcia do pomieszczenia serwerowni oraz sk\u0142adnicy akt przy ul. Meissnera 5 &#8211;<mark style=\"background-color:rgba(0, 0, 0, 0)\" class=\"has-inline-color has-primary-color\">&nbsp;<\/mark><a href=\"https:\/\/bppragapd.pl\/bip\/wp-content\/uploads\/pliki\/zarzadzenienr212024-1720093447.pdf\"><mark style=\"background-color:rgba(0, 0, 0, 0)\" class=\"has-inline-color has-primary-color\">pobierz<\/mark><\/a><\/li>\n\n\n\n<li>Zarz\u0105dzenie Nr 22\/2024 z dnia 8 sierpnia 2024 r. w sprawie: wprowadzenia w \u017cycie Standard\u00f3w Ochrony Ma\u0142oletnich w Bibliotece Publicznej im. Zygmunta Jana Rumla w Dzielnicy Praga-Po\u0142udnie m.st. Warszawy &#8211;&nbsp;<a href=\"https:\/\/bppragapd.pl\/bip\/wp-content\/uploads\/pliki\/zarzadzenienr222024-1723793992.pdf\"><mark style=\"background-color:rgba(0, 0, 0, 0)\" class=\"has-inline-color has-primary-color\">pobierz<\/mark><\/a>\n<ol class=\"wp-block-list\">\n<li>Standardy Ochrony Ma\u0142oletnich w Bibliotece Publicznej im. Zygmunta Jana Rumla w Dzielnicy Praga-Po\u0142udnie m.st. Warszawy &#8211;&nbsp;<a href=\"https:\/\/bppragapd.pl\/bip\/wp-content\/uploads\/pliki\/standardyochronymaloletnichwbp-1723794041.pdf\"><mark style=\"background-color:rgba(0, 0, 0, 0)\" class=\"has-inline-color has-primary-color\">pobierz<\/mark><\/a><\/li>\n<\/ol>\n<\/li>\n\n\n\n<li>Zarz\u0105dzenie Nr 28\/2024 z dnia 18 wrze\u015bnia 2024 r. w sprawie: wprowadzenia w \u017cycie Regulaminu zg\u0142osze\u0144 wewn\u0119trznych narusze\u0144 prawa i podejmowania dzia\u0142a\u0144 nast\u0119pczych w Bibliotece Publicznej im. Zygmunta Jana Rumla w Dzielnicy Praga-Po\u0142udnie m.st. Warszawy &#8211;<mark style=\"background-color:rgba(0, 0, 0, 0)\" class=\"has-inline-color has-primary-color\">&nbsp;<\/mark><a href=\"https:\/\/bppragapd.pl\/bip\/wp-content\/uploads\/pliki\/zarzadzenienr282024-1727701615.pdf\"><mark style=\"background-color:rgba(0, 0, 0, 0)\" class=\"has-inline-color has-primary-color\">pobierz<\/mark><\/a>\n<ol class=\"wp-block-list\">\n<li>Regulamin zg\u0142osze\u0144 wewn\u0119trznych narusze\u0144 prawa i podejmowania dzia\u0142a\u0144 nast\u0119pczych w Bibliotece Publicznej im. Zygmunta Jana Rumla w&nbsp;Dzielnicy Praga-Po\u0142udnie m.st. Warszawy &#8211;<mark style=\"background-color:rgba(0, 0, 0, 0)\" class=\"has-inline-color has-primary-color\">&nbsp;<\/mark><a href=\"https:\/\/bppragapd.pl\/bip\/wp-content\/uploads\/pliki\/regulaminzgloszenwewnetrznychnaruszenprawa-1727702263.pdf\"><mark style=\"background-color:rgba(0, 0, 0, 0)\" class=\"has-inline-color has-primary-color\">pobierz<\/mark><\/a><\/li>\n\n\n\n<li>Za\u0142\u0105czniki do regulaminu &#8211;<mark style=\"background-color:rgba(0, 0, 0, 0)\" class=\"has-inline-color has-primary-color\">&nbsp;<\/mark><a href=\"https:\/\/bppragapd.pl\/bip\/wp-content\/uploads\/pliki\/zarzadzenienr282024zalaczniki-1727702111.pdf\"><mark style=\"background-color:rgba(0, 0, 0, 0)\" class=\"has-inline-color has-primary-color\">pobierz<\/mark><\/a><mark style=\"background-color:rgba(0, 0, 0, 0)\" class=\"has-inline-color has-primary-color\">&nbsp;<\/mark><\/li>\n<\/ol>\n<\/li>\n\n\n\n<li>Zarz\u0105dzenie Nr 29\/2024 z dnia 18 wrze\u015bnia 2024 r. w sprawie: powo\u0142ania Komisji Rekrutacyjnej w celu przeprowadzenia procedury naboru na stanowisko m\u0142odszego specjalisty\/specjalisty ds. promocji w Bibliotece Publicznej im. Zygmunta Jana Rumla w Dzielnicy Praga-Po\u0142udnie m.st. Warszawy &#8211;&nbsp;<a href=\"https:\/\/bppragapd.pl\/bip\/wp-content\/uploads\/pliki\/zarzadzenienr292024-1734098610.pdf\"><mark style=\"background-color:rgba(0, 0, 0, 0)\" class=\"has-inline-color has-primary-color\">pobierz<\/mark><\/a><\/li>\n\n\n\n<li>Zarz\u0105dzenie Nr 30\/2024 z dnia 25 wrze\u015bnia 2024 r. w sprawie: ustanowienia osoby odpowiedzialnej za przyjmowanie zg\u0142osze\u0144 wewn\u0119trznych narusze\u0144 prawa i podejmowania dzia\u0142a\u0144 nast\u0119pczych w Bibliotece Publicznej im. Zygmunta Jana Rumla w Dzielnicy Praga-Po\u0142udnie m.st. Warszawy &#8211;&nbsp;<a href=\"https:\/\/bppragapd.pl\/bip\/wp-content\/uploads\/pliki\/zarzadzenienr302024-1734098623.pdf\"><mark style=\"background-color:rgba(0, 0, 0, 0)\" class=\"has-inline-color has-primary-color\">pobierz<\/mark><\/a><\/li>\n\n\n\n<li>Zarz\u0105dzenie Nr 31\/2024 z dnia 25 wrze\u015bnia 2024 r. w sprawie: aktualizacji tre\u015bci w Za\u0142\u0105czniku nr 3 do zarz\u0105dzenia Nr 18\/2024 Dyrektora Biblioteki Publicznej im. Zygmunta Jana Rumla w Dzielnicy Praga-Po\u0142udnie m.st. Warszawy &#8211;&nbsp;<a href=\"https:\/\/bppragapd.pl\/bip\/wp-content\/uploads\/pliki\/zarzadzenienr312024-1734098638.pdf\"><mark style=\"background-color:rgba(0, 0, 0, 0)\" class=\"has-inline-color has-primary-color\">pobierz<\/mark><\/a><\/li>\n\n\n\n<li>Zarz\u0105dzenie Nr 32\/2024 z dnia 25 wrze\u015bnia 2024 r. w sprawie: planu finansowego Biblioteki Publicznej na 2024 rok &#8211;&nbsp;<a href=\"https:\/\/bppragapd.pl\/bip\/wp-content\/uploads\/pliki\/zarzadzenienr322024-1734098654.pdf\"><mark style=\"background-color:rgba(0, 0, 0, 0)\" class=\"has-inline-color has-primary-color\">pobierz<\/mark><\/a><br>Plan finansowy instytucji kultury na 2024 rok &#8211;&nbsp;<a href=\"https:\/\/bppragapd.pl\/bip\/wp-content\/uploads\/pliki\/planfinansowyinstkult2024zarz322024-1734099554.pdf\"><mark style=\"background-color:rgba(0, 0, 0, 0)\" class=\"has-inline-color has-primary-color\">pobierz<\/mark><\/a><\/li>\n\n\n\n<li>Zarz\u0105dzenie Nr 33\/2024 z dnia 15 pa\u017adziernika 2024 r. w sprawie: powo\u0142ania Zespo\u0142u ds. strony internetowej Biblioteki Publicznej im. Zygmunta Jana Rumla w Dzielnicy Praga-Po\u0142udnie m.st. Warszawy &#8211;&nbsp;<a href=\"https:\/\/bppragapd.pl\/bip\/wp-content\/uploads\/pliki\/zarzadzenienr332024-1734098668.pdf\"><mark style=\"background-color:rgba(0, 0, 0, 0)\" class=\"has-inline-color has-primary-color\">pobierz<\/mark><\/a><\/li>\n\n\n\n<li>Zarz\u0105dzenie Nr 34\/2024 z dnia 23 pa\u017adziernika 2024 r. w sprawie: przeprowadzenia skontrum ilo\u015bciowo-warto\u015bciowego znajduj\u0105cego si\u0119 w Wypo\u017cyczalni dla Doros\u0142ych i M\u0142odzie\u017cy Nr 89 przy ul. Grochowskiej 202 &#8211;&nbsp;<a href=\"https:\/\/bppragapd.pl\/bip\/wp-content\/uploads\/pliki\/zarzadzenienr342024-1734098692.pdf\"><mark style=\"background-color:rgba(0, 0, 0, 0)\" class=\"has-inline-color has-primary-color\">pobierz<\/mark><\/a><\/li>\n\n\n\n<li>Zarz\u0105dzenie Nr 35\/2024 z dnia 23 pa\u017adziernika 2024 r. w sprawie: powo\u0142ania Komisji Rekrytacyjnej w celu przeprowadzenia procedury naboru na dwa stanowiska m\u0142odszego bibliotekarza w filiach przy ul. Zwyci\u0119zc\u00f3w 46 i Majda\u0144skiej 5 &#8211;<mark style=\"background-color:rgba(0, 0, 0, 0)\" class=\"has-inline-color has-primary-color\">&nbsp;<\/mark><a href=\"https:\/\/bppragapd.pl\/bip\/wp-content\/uploads\/pliki\/zarzadzenienr352024-1734098709.pdf\"><mark style=\"background-color:rgba(0, 0, 0, 0)\" class=\"has-inline-color has-primary-color\">pobierz<\/mark><\/a><\/li>\n\n\n\n<li>Aneks Nr 2 z 30 pa\u017adziernika 2024 r. do Zarzadzenia Nr 2\/2024 Dyrektora Biblioteki Publicznej im. Zygmunta Jana Rumla w Dzielnicy Praa-Po\u0142udnie m.st. Warszawy z 2 stycznia 2024 w sprawie: powo\u0142ania Komisji Socjalnej &#8211;&nbsp;<a href=\"https:\/\/bppragapd.pl\/bip\/wp-content\/uploads\/pliki\/aneksnr2zarzadzenienr22024-1734099531.pdf\"><mark style=\"background-color:rgba(0, 0, 0, 0)\" class=\"has-inline-color has-primary-color\">pobierz<\/mark><\/a><\/li>\n\n\n\n<li>Zarz\u0105dzenie Nr 36\/2024 z dnia 14 listopada 2024 r. w sprawie: planu finansowego Biblioteki Publicznej na 2024 rok &#8211;&nbsp;<a href=\"https:\/\/bppragapd.pl\/bip\/wp-content\/uploads\/pliki\/zarzadzenienr362024-1734098735.pdf\"><mark style=\"background-color:rgba(0, 0, 0, 0)\" class=\"has-inline-color has-primary-color\">pobierz<\/mark><\/a><\/li>\n\n\n\n<li>Zarz\u0105dzenie Nr 37\/2024 z dnia 19 listopada 2024 r. w sprawie: wprowadzenia w \u017cycie Regulaminu imprez (niemasowych) organizowanych przez Bibliotek\u0119 Publiczn\u0105 im. Zygmunta Jana Rumla w Dzielnicy Praga-Po\u0142udnie m.st. Warszawy &#8211;\u00a0<a href=\"https:\/\/bppragapd.pl\/bip\/wp-content\/uploads\/pliki\/zarzadzenienr372024-1734098755.pdf\"><mark style=\"background-color:rgba(0, 0, 0, 0)\" class=\"has-inline-color has-primary-color\">pobierz<\/mark><\/a><br>Regulamin imprez (niemasowych) organizowanych przez Bibliotek\u0119 Publiczn\u0105 im. Zygmunta Jana Rumla w Dzielnicy Praga-Po\u0142udnie m.st. Warszawy &#8211;\u00a0<a href=\"https:\/\/bppragapd.pl\/bip\/wp-content\/uploads\/pliki\/zarzadzenienr372024-zal-1-regulamin-imprez-niemasowych-1734098941.pdf\"><mark style=\"background-color:rgba(0, 0, 0, 0)\" class=\"has-inline-color has-primary-color\">pobierz<\/mark><\/a><br>Karta zapisu na zaj\u0119cia edukacyjno-kulturalne w Bibliotece Publiczn\u0105 im. Zygmunta Jana Rumla w Dzielnicy Praga-Po\u0142udnie m.st. Warszawy &#8211;\u00a0<a href=\"https:\/\/bppragapd.pl\/bip\/wp-content\/uploads\/pliki\/zarzadzenienr372024-zal-1-karta-zapisu-na-zajecia-edu-kult-1734098808.pdf\"><mark style=\"background-color:rgba(0, 0, 0, 0)\" class=\"has-inline-color has-primary-color\">pobierz<\/mark><\/a><\/li>\n\n\n\n<li>Zarz\u0105dzenie Nr 38\/2024 z dnia 20 listopada 2024 r. w sprawie: przeprowadzenia inwentaryzacji w Bibliotece Publicznej im. Zygmunta Jana Rumla w Dzielnicy Praga-Po\u0142udnie m.st. Warszawy &#8211;&nbsp;<a href=\"https:\/\/bppragapd.pl\/bip\/wp-content\/uploads\/pliki\/zarzadzenienr382024-1734098976.pdf\"><mark style=\"background-color:rgba(0, 0, 0, 0)\" class=\"has-inline-color has-primary-color\">pobierz<\/mark><\/a><\/li>\n\n\n\n<li>Zarz\u0105dzenie Nr 39\/2024 z dnia 20 listopada 2024 r. w sprawie: powo\u0142ania Zesp\u00f3\u0142 ds. aktualizacji tre\u015bci Regulaminu Korzystania ze Zbior\u00f3w i Us\u0142ug w Systemie Informatyczno-Bibliotecznym Biblioteki Publicznej im. Zygmunta Jana Rumla w Dzielnicy Praga-Po\u0142udnie m.st. Warszawy &#8211;&nbsp;<a href=\"https:\/\/bppragapd.pl\/bip\/wp-content\/uploads\/pliki\/zarzadzenienr392024-1734098996.pdf\"><mark style=\"background-color:rgba(0, 0, 0, 0)\" class=\"has-inline-color has-primary-color\">pobierz<\/mark><\/a><\/li>\n\n\n\n<li>Zarz\u0105dzenie Nr 40\/2024 z dnia 25 listopada 2024 r. w sprawie: planu finansowego Biblioteki Publicznej na 2024 rok &#8211;&nbsp;<a href=\"https:\/\/bppragapd.pl\/bip\/wp-content\/uploads\/pliki\/zarzadzenienr402024-1734099018.pdf\"><mark style=\"background-color:rgba(0, 0, 0, 0)\" class=\"has-inline-color has-primary-color\">pobierz<\/mark><\/a><\/li>\n\n\n\n<li>Zarz\u0105dzenie Nr 44\/2024 z dnia 18 grudnia 2024 r. w sprawie: wprowadzenia Regulaminu Organizacyjnego Biblioteki Publicznej im. Zygmunta Jana Rumla w Dzielnicy Praga-Po\u0142udnie m.st. Warszawy &#8211;&nbsp;<a href=\"https:\/\/bppragapd.pl\/bip\/wp-content\/uploads\/pliki\/zarzadzenienr442024-1734643988.pdf\"><mark style=\"background-color:rgba(0, 0, 0, 0)\" class=\"has-inline-color has-primary-color\">pobierz<\/mark><\/a>\n<ol class=\"wp-block-list\">\n<li>Regulamin Organizacyjny Biblioteki Publicznej im. Zygmunta Jana Rumla w Dzielnicy Praga-Po\u0142udnie m.st. Warszawy (aktualizacja 18 grudzie\u0144 2024)-&nbsp;<a href=\"https:\/\/bppragapd.pl\/bip\/wp-content\/uploads\/pliki\/regulamin-ogranizacyjny-2024-1734644030.pdf\"><mark style=\"background-color:rgba(0, 0, 0, 0)\" class=\"has-inline-color has-primary-color\">pobierz<\/mark><\/a><\/li>\n\n\n\n<li>Za\u0142\u0105cznik nr 1 do Regulaminu Organizacyjnego Biblioteki &#8211; Schemat organizacyjny Biblioteki Publicznej im. Zygmunta Jana Rumla w Dzielnicy Praga-Po\u0142udnie m.st. Warszawy &#8211;&nbsp;<a href=\"https:\/\/bppragapd.pl\/bip\/wp-content\/uploads\/pliki\/zalacznik-nr-1-do-regulaminu-ogranizacyjnego-1734644044.pdf\"><mark style=\"background-color:rgba(0, 0, 0, 0)\" class=\"has-inline-color has-primary-color\">pobierz<\/mark><\/a><\/li>\n<\/ol>\n<\/li>\n\n\n\n<li>Zarz\u0105dzenie Nr 48\/2024 z dnia 20&nbsp;grudnia&nbsp;2024 r. w sprawie: planu finansowego Biblioteki Publicznej na 2024 rok &#8211;&nbsp;<a href=\"https:\/\/bppragapd.pl\/bip\/wp-content\/uploads\/pliki\/zarzadzenienr482024-1741613127.pdf\"><mark style=\"background-color:rgba(0, 0, 0, 0)\" class=\"has-inline-color has-primary-color\">pobierz<\/mark><\/a>\n<ol class=\"wp-block-list\">\n<li>Plan finansowy instytucji kultury na rok 2024 &#8211;&nbsp;<a href=\"https:\/\/bppragapd.pl\/bip\/wp-content\/uploads\/pliki\/zarzadzenienr482024zalacznik-1741613132.pdf\"><mark style=\"background-color:rgba(0, 0, 0, 0)\" class=\"has-inline-color has-primary-color\">pobierz<\/mark><\/a><\/li>\n<\/ol>\n<\/li>\n\n\n\n<li>Zarz\u0105dzenie nr 54\/2024 z dnia 31 grudnia 2024 r. w sprawie: wprowadzenia&nbsp;Regulaminu udzielania zam\u00f3wie\u0144 publicznych, k\u00f3rych warto\u015b\u0107 nie przekracza 130 000 z\u0142. netto, do kt\u00f3rych nie stosuje si\u0119 przepis\u00f3w ustawy &#8211; Prawo zam\u00f3wie\u0144 publicznych &#8211;&nbsp;<a href=\"https:\/\/bppragapd.pl\/bip\/wp-content\/uploads\/pliki\/zarzadzenie-54-1738333137.pdf\"><mark style=\"background-color:rgba(0, 0, 0, 0)\" class=\"has-inline-color has-primary-color\">pobierz<\/mark><\/a><\/li>\n<\/ol>\n\n\n\n<p><\/p>\n","protected":false},"excerpt":{"rendered":"<p>Zarz\u0105dzenia z roku 2024<\/p>\n","protected":false},"author":2,"featured_media":0,"parent":0,"menu_order":0,"comment_status":"closed","ping_status":"closed","template":"","meta":{"_acf_changed":false,"footnotes":""},"class_list":["post-118","page","type-page","status-publish","hentry"],"acf":[],"_links":{"self":[{"href":"https:\/\/bppragapd.pl\/bip\/wp-json\/wp\/v2\/pages\/118","targetHints":{"allow":["GET"]}}],"collection":[{"href":"https:\/\/bppragapd.pl\/bip\/wp-json\/wp\/v2\/pages"}],"about":[{"href":"https:\/\/bppragapd.pl\/bip\/wp-json\/wp\/v2\/types\/page"}],"author":[{"embeddable":true,"href":"https:\/\/bppragapd.pl\/bip\/wp-json\/wp\/v2\/users\/2"}],"replies":[{"embeddable":true,"href":"https:\/\/bppragapd.pl\/bip\/wp-json\/wp\/v2\/comments?post=118"}],"version-history":[{"count":3,"href":"https:\/\/bppragapd.pl\/bip\/wp-json\/wp\/v2\/pages\/118\/revisions"}],"predecessor-version":[{"id":217,"href":"https:\/\/bppragapd.pl\/bip\/wp-json\/wp\/v2\/pages\/118\/revisions\/217"}],"wp:attachment":[{"href":"https:\/\/bppragapd.pl\/bip\/wp-json\/wp\/v2\/media?parent=118"}],"curies":[{"name":"wp","href":"https:\/\/api.w.org\/{rel}","templated":true}]}}